{"id":62070,"date":"2017-05-18T16:03:22","date_gmt":"2017-05-18T14:03:22","guid":{"rendered":"https:\/\/mcx.sunlab.eu\/product\/flightcase-schrank-mit-2x-fachboden-laenge-110cm-hoehe-100cm-tiefe-70cm\/"},"modified":"2026-03-25T15:20:14","modified_gmt":"2026-03-25T14:20:14","slug":"flightcase-schrank-mit-2x-fachboden-laenge-110cm-hoehe-100cm-tiefe-70cm","status":"publish","type":"product","link":"https:\/\/megacase.com\/de\/produkt\/flightcase-schrank-mit-2x-fachboden-laenge-110cm-hoehe-100cm-tiefe-70cm\/","title":{"rendered":"Flightcase Schrank mit 2x Fachboden L\u00e4nge 110cm, H\u00f6he 100cm, Tiefe 70cm"},"content":{"rendered":"<p>Flightcase Schrank mit 2x Fachboden<br \/>\nL\u00e4nge 110cm, H\u00f6he 100cm, Tiefe 70cm Innenma\u00dfe<br \/>\ngeteilterDeckel l\u00e4ngsseits<br \/>\nmit Scharnieren und Overlatchverschl\u00fcssen<br \/>\n4x Klappgriff in Schale<br \/>\n9mm Birkenmultiplex<br \/>\nPhenolharzbeschichtung braun<br \/>\n30er Aluminiumkanten<br \/>\nKugelecken<br \/>\nRollensatz mit Verst\u00e4rkungsplatte,alle lenkbar, 2x gebremst<br \/>\nAdam Hall Qualit\u00e4tsbeschl\u00e4ge<\/p>\n<p>Jedes hochwertige Equipment ben\u00f6tigt auch die entsprechenden Verpackungen f\u00fcr den sicheren Transport. So\u00a0z\u00e4hlt MegaCase Flightcases prominente Unternehmen wie ARD, Porsche, Volkswagen, Siemens,\u00a0Suzuki, oder das\u00a0Fraunhofer Institut zu seinen Kunden, und etablierte sich in nur k\u00fcrzester Zeit zu einem der\u00a0f\u00fchrenden Flightcase Hersteller in Europa.\u00a0Mit mehreren \u00a0Produktionsstandorten fertigen mehr als 30 Mitarbeiter MegaCase Flightcases\u00a0f\u00fcr den gesamten Weltmarkt.\u00a0Hohe Flexibilit\u00e4t, Zuverl\u00e4ssigkeit, und Kooperationen mit Zulieferern wie beispielsweise Adam Hall machen MegaCase Flightcases zu Ihrem kompetenten Flightcase\u00a0Ansprechpartner. *Aufschlag &#8211; 15%*<\/p>\n","protected":false},"excerpt":{"rendered":"<p>Flightcase Schrank mit 2x Fachboden L\u00e4nge 110cm, H\u00f6he 100cm, Tiefe 70cm Innenma\u00dfe geteilterDeckel l\u00e4ngsseits mit Scharnieren und Overlatchverschl\u00fcssen 4x Klappgriff<\/p>\n","protected":false},"featured_media":273972,"template":"","meta":{"_acf_changed":false},"product_brand":[],"product_cat":[13981],"product_tag":[],"class_list":{"0":"post-62070","1":"product","2":"type-product","3":"status-publish","4":"has-post-thumbnail","6":"product_cat-unkategorisiert","8":"first","9":"instock","10":"taxable","11":"shipping-taxable","12":"purchasable","13":"product-type-simple"},"acf":[],"_links":{"self":[{"href":"https:\/\/megacase.com\/de\/wp-json\/wp\/v2\/product\/62070","targetHints":{"allow":["GET"]}}],"collection":[{"href":"https:\/\/megacase.com\/de\/wp-json\/wp\/v2\/product"}],"about":[{"href":"https:\/\/megacase.com\/de\/wp-json\/wp\/v2\/types\/product"}],"wp:featuredmedia":[{"embeddable":true,"href":"https:\/\/megacase.com\/de\/wp-json\/wp\/v2\/media\/273972"}],"wp:attachment":[{"href":"https:\/\/megacase.com\/de\/wp-json\/wp\/v2\/media?parent=62070"}],"wp:term":[{"taxonomy":"product_brand","embeddable":true,"href":"https:\/\/megacase.com\/de\/wp-json\/wp\/v2\/product_brand?post=62070"},{"taxonomy":"product_cat","embeddable":true,"href":"https:\/\/megacase.com\/de\/wp-json\/wp\/v2\/product_cat?post=62070"},{"taxonomy":"product_tag","embeddable":true,"href":"https:\/\/megacase.com\/de\/wp-json\/wp\/v2\/product_tag?post=62070"}],"curies":[{"name":"wp","href":"https:\/\/api.w.org\/{rel}","templated":true}]}}