{"id":62056,"date":"2017-05-18T16:03:22","date_gmt":"2017-05-18T14:03:22","guid":{"rendered":"https:\/\/mcx.sunlab.eu\/product\/flightcase-korg-ms20\/"},"modified":"2026-03-25T15:20:13","modified_gmt":"2026-03-25T14:20:13","slug":"flightcase-korg-ms20","status":"publish","type":"product","link":"https:\/\/megacase.com\/de\/produkt\/flightcase-korg-ms20\/","title":{"rendered":"Flightcase Korg MS20"},"content":{"rendered":"<p>Case f\u00fcr Korg MS20<br \/>  spielbar im Case<br \/> <br \/>\n4x Butterflyverschlu\u00df<br \/>\n2x Klappgriff in Schale<br \/> <br \/>\n7mm Birkenmultiplex<br \/> <br \/>\nKugelecken<br \/> <br \/>\n10mm vollfl\u00e4chige Innenpolsterung<br \/>\nAdam Hall Qualit\u00e4tsbeschl\u00e4ge<\/p>\n<p><i><br \/>\nKeyboard\/Synthesizer Cases werden passgenau f\u00fcr jedes Keyboard Modell angefertigt. Nur so ist ein sicherer und bedenkenloser Transport gew\u00e4hrleistet. MegaCase verwendet ausschlie\u00dflich Qualit\u00e4tsbeschl\u00e4ge von Adam Hall. Gepolsterte Innenseiten, massive Kugelecken und Alu Profile machen dieses Flightcase alltagstauglich. Jedes Flightcase wird ausschlie\u00dflich in Deutschland produziert, und entspricht einem hohen industriellen Qualit\u00e4tsstandard. Bitte beachten: Geben Sie bei der der Bestellung im Kommentarfeld Ihr Keyboard\/Synthesizer Modell an, das Case wird speziell f\u00fcr Ihren Ger\u00e4tetyp angefertigt.  Hergestellt in Deutschland  Au\u00dfenma\u00dfe: BxTxH 635x460x320 mm  Gewicht: 9,2 kg *Aufschlag &#8211; 15%*<\/p>\n","protected":false},"excerpt":{"rendered":"<p>Case f\u00fcr Korg MS20 spielbar im Case 4x Butterflyverschlu\u00df 2x Klappgriff in Schale 7mm Birkenmultiplex Kugelecken 10mm vollfl\u00e4chige Innenpolsterung Adam<\/p>\n","protected":false},"featured_media":31862,"template":"","meta":{"_acf_changed":false},"product_brand":[],"product_cat":[15043],"product_tag":[],"class_list":{"0":"post-62056","1":"product","2":"type-product","3":"status-publish","4":"has-post-thumbnail","6":"product_cat-uncategorized-de","8":"first","9":"instock","10":"taxable","11":"shipping-taxable","12":"purchasable","13":"product-type-simple"},"acf":[],"_links":{"self":[{"href":"https:\/\/megacase.com\/de\/wp-json\/wp\/v2\/product\/62056","targetHints":{"allow":["GET"]}}],"collection":[{"href":"https:\/\/megacase.com\/de\/wp-json\/wp\/v2\/product"}],"about":[{"href":"https:\/\/megacase.com\/de\/wp-json\/wp\/v2\/types\/product"}],"wp:featuredmedia":[{"embeddable":true,"href":"https:\/\/megacase.com\/de\/wp-json\/wp\/v2\/media\/31862"}],"wp:attachment":[{"href":"https:\/\/megacase.com\/de\/wp-json\/wp\/v2\/media?parent=62056"}],"wp:term":[{"taxonomy":"product_brand","embeddable":true,"href":"https:\/\/megacase.com\/de\/wp-json\/wp\/v2\/product_brand?post=62056"},{"taxonomy":"product_cat","embeddable":true,"href":"https:\/\/megacase.com\/de\/wp-json\/wp\/v2\/product_cat?post=62056"},{"taxonomy":"product_tag","embeddable":true,"href":"https:\/\/megacase.com\/de\/wp-json\/wp\/v2\/product_tag?post=62056"}],"curies":[{"name":"wp","href":"https:\/\/api.w.org\/{rel}","templated":true}]}}