{"id":62013,"date":"2017-05-18T16:02:39","date_gmt":"2017-05-18T14:02:39","guid":{"rendered":"https:\/\/mcx.sunlab.eu\/product\/flightcase-fuer-fernseher-mit-geraetemass-l-1105cm-h-66cm-t-14cm\/"},"modified":"2026-03-25T15:20:15","modified_gmt":"2026-03-25T14:20:15","slug":"flightcase-fuer-fernseher-mit-geraetemass-l-1105cm-h-66cm-t-14cm","status":"publish","type":"product","link":"https:\/\/megacase.com\/de\/produkt\/flightcase-fuer-fernseher-mit-geraetemass-l-1105cm-h-66cm-t-14cm\/","title":{"rendered":"Flightcase f\u00fcr Fernseher mit Ger\u00e4tema\u00df L 110,5cm H 66cm T 14cm"},"content":{"rendered":"<p>Case laut Ma\u00dfangabe f\u00fcr Fernseher<br \/>\n(Ma\u00dfe ohne Fu\u00df\/Wandhalterung)<br \/>\nInnenma\u00dfe: L\u00e4nge 110,5cm, H\u00f6he 66cm, Tiefe 14cm<br \/>\nHaubencase mit 4x Butterflyverschlu\u00df<br \/>\n2x Klappgriff in Schale<br \/>\n7mm Caseholz Phenolharzbeschichtung braun<br \/>\n23er Aluminiumkanten<br \/>\nKugelecken<br \/>\ninnen vollfl\u00e4chige Schaumstoffpolsterung<br \/>\nSatz (2St\u00fcck) Gu\u00dfeckeinbaurollen 75mm<br \/>\nAdam Hall Qualit\u00e4tsbeschl\u00e4ge<\/p>\n<p>Jedes hochwertige Equipment ben\u00f6tigt auch die entsprechenden Verpackungen f\u00fcr den sicheren Transport. So\u00a0z\u00e4hlt MegaCase Flightcases prominente Unternehmen wie ARD, Porsche, Volkswagen, Siemens,\u00a0Suzuki, oder das\u00a0Fraunhofer Institut zu seinen Kunden, und etablierte sich in nur k\u00fcrzester Zeit zu einem der\u00a0f\u00fchrenden Flightcase Hersteller in Europa.\u00a0Mit mehreren \u00a0Produktionsstandorten fertigen mehr als 30 Mitarbeiter MegaCase Flightcases\u00a0f\u00fcr den gesamten Weltmarkt.\u00a0Hohe Flexibilit\u00e4t, Zuverl\u00e4ssigkeit, und Kooperationen mit Zulieferern wie beispielsweise Adam Hall machen MegaCase Flightcases zu Ihrem kompetenten Flightcase\u00a0Ansprechpartner. *Aufschlag &#8211; 15%*<\/p>\n","protected":false},"excerpt":{"rendered":"<p>Case laut Ma\u00dfangabe f\u00fcr Fernseher (Ma\u00dfe ohne Fu\u00df\/Wandhalterung) Innenma\u00dfe: L\u00e4nge 110,5cm, H\u00f6he 66cm, Tiefe 14cm Haubencase mit 4x Butterflyverschlu\u00df 2x<\/p>\n","protected":false},"featured_media":70262,"template":"","meta":{"_acf_changed":false},"product_brand":[],"product_cat":[13626],"product_tag":[],"class_list":{"0":"post-62013","1":"product","2":"type-product","3":"status-publish","4":"has-post-thumbnail","6":"product_cat-haubencase","8":"first","9":"instock","10":"taxable","11":"shipping-taxable","12":"purchasable","13":"product-type-simple"},"acf":[],"_links":{"self":[{"href":"https:\/\/megacase.com\/de\/wp-json\/wp\/v2\/product\/62013","targetHints":{"allow":["GET"]}}],"collection":[{"href":"https:\/\/megacase.com\/de\/wp-json\/wp\/v2\/product"}],"about":[{"href":"https:\/\/megacase.com\/de\/wp-json\/wp\/v2\/types\/product"}],"wp:featuredmedia":[{"embeddable":true,"href":"https:\/\/megacase.com\/de\/wp-json\/wp\/v2\/media\/70262"}],"wp:attachment":[{"href":"https:\/\/megacase.com\/de\/wp-json\/wp\/v2\/media?parent=62013"}],"wp:term":[{"taxonomy":"product_brand","embeddable":true,"href":"https:\/\/megacase.com\/de\/wp-json\/wp\/v2\/product_brand?post=62013"},{"taxonomy":"product_cat","embeddable":true,"href":"https:\/\/megacase.com\/de\/wp-json\/wp\/v2\/product_cat?post=62013"},{"taxonomy":"product_tag","embeddable":true,"href":"https:\/\/megacase.com\/de\/wp-json\/wp\/v2\/product_tag?post=62013"}],"curies":[{"name":"wp","href":"https:\/\/api.w.org\/{rel}","templated":true}]}}