{"id":62004,"date":"2017-05-18T16:02:18","date_gmt":"2017-05-18T14:02:18","guid":{"rendered":"https:\/\/mcx.sunlab.eu\/product\/zubehoer-caseinnenmasse-150x60x60\/"},"modified":"2026-03-25T15:26:04","modified_gmt":"2026-03-25T14:26:04","slug":"zubehoer-caseinnenmasse-150x60x60","status":"publish","type":"product","link":"https:\/\/megacase.com\/de\/produkt\/zubehoer-caseinnenmasse-150x60x60\/","title":{"rendered":"Zubeh\u00f6r Case:Innenma\u00dfe 150x60x60"},"content":{"rendered":"<p>Zubeh\u00f6r Case:<br \/>\nInnenma\u00dfe 150x60x60cm<br \/>\nDeckel mit Scharnieren<br \/>\n7mm Birkenmultiplex<br \/>\nStandardfarbe<br \/>\nRollen<br \/>\nAbschlie\u00dfbar<br \/>\nAdam Hall Qualit\u00e4tsbeschl\u00e4ge<\/p>\n<p><i>Jedes hochwertiges Equipment ben\u00f6tigt auch die entsprechenden Verpackungen f\u00fcr den sicheren Transport. So\u00a0z\u00e4hlt MegaCase Flightcases prominente Unternehmen wie ARD, Porsche, Volkswagen, Siemens,\u00a0Suzuki, oder das\u00a0Fraunhofer Institut zu seinen Kunden, und etablierte sich in nur k\u00fcrzester Zeit zu einem der\u00a0f\u00fchrenden Flightcase Hersteller in Europa.\u00a0Mit mehreren \u00a0Produktionsstandorten fertigen mehr als 30 Mitarbeiter MegaCase Flightcases\u00a0f\u00fcr den gesamten Weltmarkt.\u00a0Hohe Flexibilit\u00e4t, Zuverl\u00e4ssigkeit, und Kooperationen mit Zulieferern wie beispielsweise Adam Hall machen MegaCase Flightcases zu Ihrem kompetenten Flightcase\u00a0Ansprechpartner.<\/i> *Aufschlag &#8211; 15%*<\/p>\n","protected":false},"excerpt":{"rendered":"<p>Zubeh\u00f6r Case: Innenma\u00dfe 150x60x60cm Deckel mit Scharnieren 7mm Birkenmultiplex Standardfarbe Rollen Abschlie\u00dfbar Adam Hall Qualit\u00e4tsbeschl\u00e4ge Jedes hochwertiges Equipment ben\u00f6tigt auch<\/p>\n","protected":false},"featured_media":32619,"template":"","meta":{"_acf_changed":false},"product_brand":[],"product_cat":[13981],"product_tag":[],"class_list":{"0":"post-62004","1":"product","2":"type-product","3":"status-publish","4":"has-post-thumbnail","6":"product_cat-unkategorisiert","8":"first","9":"instock","10":"taxable","11":"shipping-taxable","12":"purchasable","13":"product-type-simple"},"acf":[],"_links":{"self":[{"href":"https:\/\/megacase.com\/de\/wp-json\/wp\/v2\/product\/62004","targetHints":{"allow":["GET"]}}],"collection":[{"href":"https:\/\/megacase.com\/de\/wp-json\/wp\/v2\/product"}],"about":[{"href":"https:\/\/megacase.com\/de\/wp-json\/wp\/v2\/types\/product"}],"wp:featuredmedia":[{"embeddable":true,"href":"https:\/\/megacase.com\/de\/wp-json\/wp\/v2\/media\/32619"}],"wp:attachment":[{"href":"https:\/\/megacase.com\/de\/wp-json\/wp\/v2\/media?parent=62004"}],"wp:term":[{"taxonomy":"product_brand","embeddable":true,"href":"https:\/\/megacase.com\/de\/wp-json\/wp\/v2\/product_brand?post=62004"},{"taxonomy":"product_cat","embeddable":true,"href":"https:\/\/megacase.com\/de\/wp-json\/wp\/v2\/product_cat?post=62004"},{"taxonomy":"product_tag","embeddable":true,"href":"https:\/\/megacase.com\/de\/wp-json\/wp\/v2\/product_tag?post=62004"}],"curies":[{"name":"wp","href":"https:\/\/api.w.org\/{rel}","templated":true}]}}