{"id":61986,"date":"2017-05-18T16:01:55","date_gmt":"2017-05-18T14:01:55","guid":{"rendered":"https:\/\/mcx.sunlab.eu\/product\/flightcase-koffer-innenmasse-60x60x30-3\/"},"modified":"2026-03-25T15:26:04","modified_gmt":"2026-03-25T14:26:04","slug":"flightcase-koffer-innenmasse-60x60x30-3","status":"publish","type":"product","link":"https:\/\/megacase.com\/de\/produkt\/flightcase-koffer-innenmasse-60x60x30-3\/","title":{"rendered":"Flightcase Koffer: Innenma\u00dfe 60x60x30"},"content":{"rendered":"<p>Flightcase Koffer:<br \/> Innenma\u00dfe 60x60x30cm<br \/>\nDeckel abnehmbar<br \/>\n7mm Birkenmultiplex<br \/>Standardfarbe<br \/> <br \/>\nAdam Hall Qualit\u00e4tsbeschl\u00e4ge<\/p>\n<p><i><br \/>\nJedes hochwertiges Equipment ben\u00f6tigt auch die entsprechenden Verpackungen f\u00fcr den sicheren Transport. So\u00a0z\u00e4hlt MegaCase Flightcases prominente Unternehmen wie ARD, Porsche, Volkswagen, Siemens,\u00a0Suzuki, oder das\u00a0Fraunhofer Institut zu seinen Kunden, und etablierte sich in nur k\u00fcrzester Zeit zu einem der\u00a0f\u00fchrenden Flightcase Hersteller in Europa.\u00a0Mit mehreren \u00a0Produktionsstandorten fertigen mehr als 30 Mitarbeiter MegaCase Flightcases\u00a0f\u00fcr den gesamten Weltmarkt.\u00a0Hohe Flexibilit\u00e4t, Zuverl\u00e4ssigkeit, und Kooperationen mit Zulieferern wie beispielsweise Adam Hall machen MegaCase Flightcases zu Ihrem kompetenten Flightcase\u00a0Ansprechpartner.<\/i>  Hergestellt in Deutschland  Au\u00dfenma\u00dfe: BxTxH 640x345x640 mm  Gewicht: 9,8kg *Aufschlag &#8211; 15%*<\/p>\n","protected":false},"excerpt":{"rendered":"<p>Flightcase Koffer: Innenma\u00dfe 60x60x30cm Deckel abnehmbar 7mm BirkenmultiplexStandardfarbe Adam Hall Qualit\u00e4tsbeschl\u00e4ge Jedes hochwertiges Equipment ben\u00f6tigt auch die entsprechenden Verpackungen f\u00fcr<\/p>\n","protected":false},"featured_media":85777,"template":"","meta":{"_acf_changed":false},"product_brand":[],"product_cat":[13508],"product_tag":[],"class_list":{"0":"post-61986","1":"product","2":"type-product","3":"status-publish","4":"has-post-thumbnail","6":"product_cat-universal-flightcases","8":"first","9":"instock","10":"taxable","11":"shipping-taxable","12":"purchasable","13":"product-type-simple"},"acf":[],"_links":{"self":[{"href":"https:\/\/megacase.com\/de\/wp-json\/wp\/v2\/product\/61986","targetHints":{"allow":["GET"]}}],"collection":[{"href":"https:\/\/megacase.com\/de\/wp-json\/wp\/v2\/product"}],"about":[{"href":"https:\/\/megacase.com\/de\/wp-json\/wp\/v2\/types\/product"}],"wp:featuredmedia":[{"embeddable":true,"href":"https:\/\/megacase.com\/de\/wp-json\/wp\/v2\/media\/85777"}],"wp:attachment":[{"href":"https:\/\/megacase.com\/de\/wp-json\/wp\/v2\/media?parent=61986"}],"wp:term":[{"taxonomy":"product_brand","embeddable":true,"href":"https:\/\/megacase.com\/de\/wp-json\/wp\/v2\/product_brand?post=61986"},{"taxonomy":"product_cat","embeddable":true,"href":"https:\/\/megacase.com\/de\/wp-json\/wp\/v2\/product_cat?post=61986"},{"taxonomy":"product_tag","embeddable":true,"href":"https:\/\/megacase.com\/de\/wp-json\/wp\/v2\/product_tag?post=61986"}],"curies":[{"name":"wp","href":"https:\/\/api.w.org\/{rel}","templated":true}]}}