{"id":61927,"date":"2017-05-18T16:00:49","date_gmt":"2017-05-18T14:00:49","guid":{"rendered":"https:\/\/mcx.sunlab.eu\/product\/flightcase-55-monitor-zubehoerfach-laengs\/"},"modified":"2026-03-25T15:26:06","modified_gmt":"2026-03-25T14:26:06","slug":"flightcase-55-monitor-zubehoerfach-laengs","status":"publish","type":"product","link":"https:\/\/megacase.com\/de\/produkt\/flightcase-55-monitor-zubehoerfach-laengs\/","title":{"rendered":"Flightcase 55&#8243; Monitor+ Zubeh\u00f6rfach l\u00e4ngs"},"content":{"rendered":"<p>Case laut Ma\u00dfangabe f\u00fcr 55&#8243; Monitor+ Zubeh\u00f6rfach l\u00e4ngs Innenma\u00dfe: L\u00e4nge 140cm, H\u00f6he 80cm, Tiefe 25cm<br \/>\nHaubencase mit 4xButterfly mittel,<br \/>\n6x Klappgriff<br \/>\n7mm Caseholz Phenol braun,<br \/>\n30er Kante,<br \/>\nKugelecken innen vollfl\u00e4chige Schaumstoffpolsterung<br \/>\nRollensatz 100mm mit Verst\u00e4rkungsplatte, alle lenkbar, 2x gebremst *Aufschlag &#8211; 15%*<\/p>\n","protected":false},"excerpt":{"rendered":"<p>Case laut Ma\u00dfangabe f\u00fcr 55&#8243; Monitor+ Zubeh\u00f6rfach l\u00e4ngs Innenma\u00dfe: L\u00e4nge 140cm, H\u00f6he 80cm, Tiefe 25cm Haubencase mit 4xButterfly mittel, 6x<\/p>\n","protected":false},"featured_media":75197,"template":"","meta":{"_acf_changed":false},"product_brand":[],"product_cat":[13612],"product_tag":[],"class_list":{"0":"post-61927","1":"product","2":"type-product","3":"status-publish","4":"has-post-thumbnail","6":"product_cat-display-monitor","8":"first","9":"instock","10":"taxable","11":"shipping-taxable","12":"purchasable","13":"product-type-simple"},"acf":[],"_links":{"self":[{"href":"https:\/\/megacase.com\/de\/wp-json\/wp\/v2\/product\/61927","targetHints":{"allow":["GET"]}}],"collection":[{"href":"https:\/\/megacase.com\/de\/wp-json\/wp\/v2\/product"}],"about":[{"href":"https:\/\/megacase.com\/de\/wp-json\/wp\/v2\/types\/product"}],"wp:featuredmedia":[{"embeddable":true,"href":"https:\/\/megacase.com\/de\/wp-json\/wp\/v2\/media\/75197"}],"wp:attachment":[{"href":"https:\/\/megacase.com\/de\/wp-json\/wp\/v2\/media?parent=61927"}],"wp:term":[{"taxonomy":"product_brand","embeddable":true,"href":"https:\/\/megacase.com\/de\/wp-json\/wp\/v2\/product_brand?post=61927"},{"taxonomy":"product_cat","embeddable":true,"href":"https:\/\/megacase.com\/de\/wp-json\/wp\/v2\/product_cat?post=61927"},{"taxonomy":"product_tag","embeddable":true,"href":"https:\/\/megacase.com\/de\/wp-json\/wp\/v2\/product_tag?post=61927"}],"curies":[{"name":"wp","href":"https:\/\/api.w.org\/{rel}","templated":true}]}}