{"id":61913,"date":"2017-05-18T16:00:49","date_gmt":"2017-05-18T14:00:49","guid":{"rendered":"https:\/\/mcx.sunlab.eu\/product\/flightcase-markbass-mini-cdm-121p-2\/"},"modified":"2026-03-25T15:26:05","modified_gmt":"2026-03-25T14:26:05","slug":"flightcase-markbass-mini-cdm-121p-2","status":"publish","type":"product","link":"https:\/\/megacase.com\/de\/produkt\/flightcase-markbass-mini-cdm-121p-2\/","title":{"rendered":"Flightcase Markbass Mini CMD 121P"},"content":{"rendered":"<p>Case laut Ma\u00dfangabe f\u00fcr Markbass mini CMD 121P<br \/>\nInnenma\u00dfe: L\u00e4nge 38,3cm, H\u00f6he 43,2cm, Tiefe 35,8cm<br \/>\nHaubencase mit 4xButterfly mittel, 2x Klappgriff<br \/>\n7mm Caseholz Ph braun, 23er Kante, Kugelecken<br \/>\ninnen vollfl\u00e4chige Schaumstoffpolsterung 10mm<br \/>\nRollensatz 75mm, alle lenkbar, 2x gebremst<br \/>\n*Aufschlag &#8211; 15%*<\/p>\n","protected":false},"excerpt":{"rendered":"<p>Case laut Ma\u00dfangabe f\u00fcr Markbass mini CMD 121P Innenma\u00dfe: L\u00e4nge 38,3cm, H\u00f6he 43,2cm, Tiefe 35,8cm Haubencase mit 4xButterfly mittel, 2x<\/p>\n","protected":false},"featured_media":251481,"template":"","meta":{"_acf_changed":false},"product_brand":[],"product_cat":[13594],"product_tag":[],"class_list":{"0":"post-61913","1":"product","2":"type-product","3":"status-publish","4":"has-post-thumbnail","6":"product_cat-cases-fuer-gitarre-bass-cases","8":"first","9":"instock","10":"taxable","11":"shipping-taxable","12":"purchasable","13":"product-type-simple"},"acf":[],"_links":{"self":[{"href":"https:\/\/megacase.com\/de\/wp-json\/wp\/v2\/product\/61913","targetHints":{"allow":["GET"]}}],"collection":[{"href":"https:\/\/megacase.com\/de\/wp-json\/wp\/v2\/product"}],"about":[{"href":"https:\/\/megacase.com\/de\/wp-json\/wp\/v2\/types\/product"}],"wp:featuredmedia":[{"embeddable":true,"href":"https:\/\/megacase.com\/de\/wp-json\/wp\/v2\/media\/251481"}],"wp:attachment":[{"href":"https:\/\/megacase.com\/de\/wp-json\/wp\/v2\/media?parent=61913"}],"wp:term":[{"taxonomy":"product_brand","embeddable":true,"href":"https:\/\/megacase.com\/de\/wp-json\/wp\/v2\/product_brand?post=61913"},{"taxonomy":"product_cat","embeddable":true,"href":"https:\/\/megacase.com\/de\/wp-json\/wp\/v2\/product_cat?post=61913"},{"taxonomy":"product_tag","embeddable":true,"href":"https:\/\/megacase.com\/de\/wp-json\/wp\/v2\/product_tag?post=61913"}],"curies":[{"name":"wp","href":"https:\/\/api.w.org\/{rel}","templated":true}]}}