{"id":61850,"date":"2017-05-18T15:59:22","date_gmt":"2017-05-18T13:59:22","guid":{"rendered":"https:\/\/mcx.sunlab.eu\/product\/case-fuer-beamer-und-notebook\/"},"modified":"2026-03-25T15:26:08","modified_gmt":"2026-03-25T14:26:08","slug":"case-fuer-beamer-und-notebook","status":"publish","type":"product","link":"https:\/\/megacase.com\/de\/produkt\/case-fuer-beamer-und-notebook\/","title":{"rendered":"Case f\u00fcr Beamer und Notebook"},"content":{"rendered":"<p>Case f\u00fcr Beamer und Notebook<br \/>\nInnenma\u00dfe Case: L\u00e4nge 50cm, H\u00f6he 12cm+Boden, Tiefe 55cm<br \/>\nHaubencase mit 4xMinibutterfly,<br \/>\n1x Griff<br \/>\n7mm Caseholz Phenol braun,<br \/>\n23er Kante,<br \/>\nKugelecken<br \/>\ninnen vollfl\u00e4chige Schaumstoffpolsterung 10mm<\/p>\n","protected":false},"excerpt":{"rendered":"<p>Case f\u00fcr Beamer und Notebook Innenma\u00dfe Case: L\u00e4nge 50cm, H\u00f6he 12cm+Boden, Tiefe 55cm Haubencase mit 4xMinibutterfly, 1x Griff 7mm Caseholz<\/p>\n","protected":false},"featured_media":71952,"template":"","meta":{"_acf_changed":false},"product_brand":[],"product_cat":[13553],"product_tag":[13930],"class_list":{"0":"post-61850","1":"product","2":"type-product","3":"status-publish","4":"has-post-thumbnail","6":"product_cat-beamercases-und-zubehoer-koffer","7":"product_tag-beamer","9":"first","10":"instock","11":"taxable","12":"shipping-taxable","13":"purchasable","14":"product-type-simple"},"acf":[],"_links":{"self":[{"href":"https:\/\/megacase.com\/de\/wp-json\/wp\/v2\/product\/61850","targetHints":{"allow":["GET"]}}],"collection":[{"href":"https:\/\/megacase.com\/de\/wp-json\/wp\/v2\/product"}],"about":[{"href":"https:\/\/megacase.com\/de\/wp-json\/wp\/v2\/types\/product"}],"wp:featuredmedia":[{"embeddable":true,"href":"https:\/\/megacase.com\/de\/wp-json\/wp\/v2\/media\/71952"}],"wp:attachment":[{"href":"https:\/\/megacase.com\/de\/wp-json\/wp\/v2\/media?parent=61850"}],"wp:term":[{"taxonomy":"product_brand","embeddable":true,"href":"https:\/\/megacase.com\/de\/wp-json\/wp\/v2\/product_brand?post=61850"},{"taxonomy":"product_cat","embeddable":true,"href":"https:\/\/megacase.com\/de\/wp-json\/wp\/v2\/product_cat?post=61850"},{"taxonomy":"product_tag","embeddable":true,"href":"https:\/\/megacase.com\/de\/wp-json\/wp\/v2\/product_tag?post=61850"}],"curies":[{"name":"wp","href":"https:\/\/api.w.org\/{rel}","templated":true}]}}