{"id":61840,"date":"2017-05-18T15:59:22","date_gmt":"2017-05-18T13:59:22","guid":{"rendered":"https:\/\/mcx.sunlab.eu\/product\/flightcase-mesa-boogie-mark-v-combo\/"},"modified":"2026-03-25T15:26:07","modified_gmt":"2026-03-25T14:26:07","slug":"haubencase-fuer-gitarren-bass-combos","status":"publish","type":"product","link":"https:\/\/megacase.com\/de\/produkt\/haubencase-fuer-gitarren-bass-combos\/","title":{"rendered":"Haubencase f\u00fcr Gitarren + Bass-Combos"},"content":{"rendered":"<p>Modell oder Ma\u00dfe bitte als Bestellnotiz angeben<\/p>\n<p>Haube<br \/>\n7 mm Birke phenolharzbeschichtet<br \/>\n30\u00d730 Alukante<br \/>\n2 x Butterfly gro\u00df gefedert<br \/>\n2 Klappgriffe mittel<br \/>\n4 Kugelecken mittel<br \/>\n4 Kugelecken mittel m. L-Ecke<br \/>\nSchaumstoff<\/p>\n","protected":false},"excerpt":{"rendered":"<p>Modell oder Ma\u00dfe bitte als Bestellnotiz angeben Haube 7 mm Birke phenolharzbeschichtet 30\u00d730 Alukante 2 x Butterfly gro\u00df gefedert 2<\/p>\n","protected":false},"featured_media":33720,"template":"","meta":{"_acf_changed":false},"product_brand":[],"product_cat":[13626],"product_tag":[],"class_list":{"0":"post-61840","1":"product","2":"type-product","3":"status-publish","4":"has-post-thumbnail","6":"product_cat-haubencase","8":"first","9":"instock","10":"taxable","11":"shipping-taxable","12":"purchasable","13":"product-type-simple"},"acf":[],"_links":{"self":[{"href":"https:\/\/megacase.com\/de\/wp-json\/wp\/v2\/product\/61840","targetHints":{"allow":["GET"]}}],"collection":[{"href":"https:\/\/megacase.com\/de\/wp-json\/wp\/v2\/product"}],"about":[{"href":"https:\/\/megacase.com\/de\/wp-json\/wp\/v2\/types\/product"}],"wp:featuredmedia":[{"embeddable":true,"href":"https:\/\/megacase.com\/de\/wp-json\/wp\/v2\/media\/33720"}],"wp:attachment":[{"href":"https:\/\/megacase.com\/de\/wp-json\/wp\/v2\/media?parent=61840"}],"wp:term":[{"taxonomy":"product_brand","embeddable":true,"href":"https:\/\/megacase.com\/de\/wp-json\/wp\/v2\/product_brand?post=61840"},{"taxonomy":"product_cat","embeddable":true,"href":"https:\/\/megacase.com\/de\/wp-json\/wp\/v2\/product_cat?post=61840"},{"taxonomy":"product_tag","embeddable":true,"href":"https:\/\/megacase.com\/de\/wp-json\/wp\/v2\/product_tag?post=61840"}],"curies":[{"name":"wp","href":"https:\/\/api.w.org\/{rel}","templated":true}]}}