{"id":61835,"date":"2017-05-18T15:59:22","date_gmt":"2017-05-18T13:59:22","guid":{"rendered":"https:\/\/mcx.sunlab.eu\/product\/flightcase-roland-vs-2480\/"},"modified":"2026-03-25T15:26:07","modified_gmt":"2026-03-25T14:26:07","slug":"flightcase-roland-vs-2480","status":"publish","type":"product","link":"https:\/\/megacase.com\/de\/produkt\/flightcase-roland-vs-2480\/","title":{"rendered":"Flightcase Roland VS 2480"},"content":{"rendered":"<p>ma\u00dfgefertigtes Haubencase f\u00fcr Roland VS-2480 inkl. Platz f\u00fcr Netzteil<br \/>\n7mm Birkenmultiplex farbig beschichtet<\/p>\n<p>Wunschfarbe bitte angeben RAL Ton<\/p>\n<p>25x25mm Alukante<br \/>\nSchaumstoffpolsterung<br \/>\n2 Schnappschl\u00f6sser<br \/>\n1 Riemengriffe<br \/>\nStahlkugelecken<br \/>\nGummif\u00fc\u00dfe<br \/>\nhergestellt in Deutschland<br \/>\nAu\u00dfenma\u00dfe: BxTxH 685 x 595 x 245 mm<br \/>\nGewicht: 9 kg *Aufschlag &#8211; 15%*<\/p>\n","protected":false},"excerpt":{"rendered":"<p>ma\u00dfgefertigtes Haubencase f\u00fcr Roland VS-2480 inkl. Platz f\u00fcr Netzteil 7mm Birkenmultiplex farbig beschichtet Wunschfarbe bitte angeben RAL Ton 25x25mm Alukante<\/p>\n","protected":false},"featured_media":33748,"template":"","meta":{"_acf_changed":false},"product_brand":[],"product_cat":[13558],"product_tag":[],"class_list":{"0":"post-61835","1":"product","2":"type-product","3":"status-publish","4":"has-post-thumbnail","6":"product_cat-roland-case","8":"first","9":"instock","10":"taxable","11":"shipping-taxable","12":"purchasable","13":"product-type-simple"},"acf":[],"_links":{"self":[{"href":"https:\/\/megacase.com\/de\/wp-json\/wp\/v2\/product\/61835","targetHints":{"allow":["GET"]}}],"collection":[{"href":"https:\/\/megacase.com\/de\/wp-json\/wp\/v2\/product"}],"about":[{"href":"https:\/\/megacase.com\/de\/wp-json\/wp\/v2\/types\/product"}],"wp:featuredmedia":[{"embeddable":true,"href":"https:\/\/megacase.com\/de\/wp-json\/wp\/v2\/media\/33748"}],"wp:attachment":[{"href":"https:\/\/megacase.com\/de\/wp-json\/wp\/v2\/media?parent=61835"}],"wp:term":[{"taxonomy":"product_brand","embeddable":true,"href":"https:\/\/megacase.com\/de\/wp-json\/wp\/v2\/product_brand?post=61835"},{"taxonomy":"product_cat","embeddable":true,"href":"https:\/\/megacase.com\/de\/wp-json\/wp\/v2\/product_cat?post=61835"},{"taxonomy":"product_tag","embeddable":true,"href":"https:\/\/megacase.com\/de\/wp-json\/wp\/v2\/product_tag?post=61835"}],"curies":[{"name":"wp","href":"https:\/\/api.w.org\/{rel}","templated":true}]}}