{"id":61821,"date":"2017-05-18T15:59:01","date_gmt":"2017-05-18T13:59:01","guid":{"rendered":"https:\/\/mcx.sunlab.eu\/product\/flightcase-korg-d888\/"},"modified":"2026-03-25T15:26:08","modified_gmt":"2026-03-25T14:26:08","slug":"flightcase-korg-d888","status":"publish","type":"product","link":"https:\/\/megacase.com\/de\/produkt\/flightcase-korg-d888\/","title":{"rendered":"Flightcase Korg D888"},"content":{"rendered":"<p>Case f\u00fcr Mischpult Korg D888<br \/>\nHaubencase mit 2xButterfly mittel,<br \/>\n1xKunststoffgriff<br \/>\n7mm Caseholz Phenol braun,<br \/>\n23er Kante,<br \/>\nKugelecken<br \/>\ninnen vollfl\u00e4chige Schaumstoffpolsterung<\/p>\n<p>A29560<\/p>\n<p><i>Mischpult Cases werden passgenau f\u00fcr jedes Mischpult angefertigt. Nur so ist ein sicherer und bedenkenloser Transport gew\u00e4hrleistet. MegaCase verwendet ausschlie\u00dflich Qualit\u00e4tsbeschl\u00e4ge von Adam Hall. Gepolsterte Innenseiten, massive Kugelecken und Alu Profile machen dieses Flightcase alltagstauglich. Jedes Flightcase wird ausschlie\u00dflich in Deutschland produziert, und entspricht einem hohen industriellen Qualit\u00e4tsstandard. Bitte beachten: Geben Sie bei der der Bestellung im Kommentarfeld Ihr Mischpult-Modell an, das Case wird speziell f\u00fcr Ihr Ger\u00e4t angefertigt. Abbildung \u00e4hnlich (Beispielbild)<\/i> Hergestellt in Deutschland Au\u00dfenma\u00dfe: BxTxH 440x400x235 mm Gewicht: 5,2 kg *Aufschlag &#8211; 15%*<\/p>\n","protected":false},"excerpt":{"rendered":"<p>Case f\u00fcr Mischpult Korg D888 Haubencase mit 2xButterfly mittel, 1xKunststoffgriff 7mm Caseholz Phenol braun, 23er Kante, Kugelecken innen vollfl\u00e4chige Schaumstoffpolsterung<\/p>\n","protected":false},"featured_media":91962,"template":"","meta":{"_acf_changed":false},"product_brand":[],"product_cat":[15043],"product_tag":[],"class_list":{"0":"post-61821","1":"product","2":"type-product","3":"status-publish","4":"has-post-thumbnail","6":"product_cat-uncategorized-de","8":"first","9":"instock","10":"taxable","11":"shipping-taxable","12":"purchasable","13":"product-type-simple"},"acf":[],"_links":{"self":[{"href":"https:\/\/megacase.com\/de\/wp-json\/wp\/v2\/product\/61821","targetHints":{"allow":["GET"]}}],"collection":[{"href":"https:\/\/megacase.com\/de\/wp-json\/wp\/v2\/product"}],"about":[{"href":"https:\/\/megacase.com\/de\/wp-json\/wp\/v2\/types\/product"}],"wp:featuredmedia":[{"embeddable":true,"href":"https:\/\/megacase.com\/de\/wp-json\/wp\/v2\/media\/91962"}],"wp:attachment":[{"href":"https:\/\/megacase.com\/de\/wp-json\/wp\/v2\/media?parent=61821"}],"wp:term":[{"taxonomy":"product_brand","embeddable":true,"href":"https:\/\/megacase.com\/de\/wp-json\/wp\/v2\/product_brand?post=61821"},{"taxonomy":"product_cat","embeddable":true,"href":"https:\/\/megacase.com\/de\/wp-json\/wp\/v2\/product_cat?post=61821"},{"taxonomy":"product_tag","embeddable":true,"href":"https:\/\/megacase.com\/de\/wp-json\/wp\/v2\/product_tag?post=61821"}],"curies":[{"name":"wp","href":"https:\/\/api.w.org\/{rel}","templated":true}]}}