{"id":61808,"date":"2017-05-18T15:58:40","date_gmt":"2017-05-18T13:58:40","guid":{"rendered":"https:\/\/mcx.sunlab.eu\/product\/flightcase-bose-l1-model-ii-cylindrical-radiator\/"},"modified":"2026-03-25T15:26:10","modified_gmt":"2026-03-25T14:26:10","slug":"flightcase-bose-l1-model-ii-cylindrical-radiator","status":"publish","type":"product","link":"https:\/\/megacase.com\/de\/produkt\/flightcase-bose-l1-model-ii-cylindrical-radiator\/","title":{"rendered":"Flightcase Bose L1 Model II CYLINDRICAL RADIATOR"},"content":{"rendered":"<p>Case f\u00fcr zerlegten Bose L1 Modell II S\u00e4ule<br \/>\n(ohne Subwoofer und ohne Standfu\u00df)<br \/>\nAufstelldeckel durch zwei Fetstsellscharniere<br \/>\n2x Schnappschlo\u00df,<br \/>\n1x Ledergriff,<br \/>\n7mm Holz phenol beschichtet<br \/>\nMitteltrennwand l\u00e4ngs,<br \/>\nvollfl\u00e4chige Schaumstoffpolsterung<br \/>\nhergestellt in Deutschland<\/p>\n","protected":false},"excerpt":{"rendered":"<p>Case f\u00fcr zerlegten Bose L1 Modell II S\u00e4ule (ohne Subwoofer und ohne Standfu\u00df) Aufstelldeckel durch zwei Fetstsellscharniere 2x Schnappschlo\u00df, 1x<\/p>\n","protected":false},"featured_media":80290,"template":"","meta":{"_acf_changed":false},"product_brand":[],"product_cat":[13499],"product_tag":[],"class_list":{"0":"post-61808","1":"product","2":"type-product","3":"status-publish","4":"has-post-thumbnail","6":"product_cat-amp-cases","8":"first","9":"instock","10":"taxable","11":"shipping-taxable","12":"purchasable","13":"product-type-simple"},"acf":[],"_links":{"self":[{"href":"https:\/\/megacase.com\/de\/wp-json\/wp\/v2\/product\/61808","targetHints":{"allow":["GET"]}}],"collection":[{"href":"https:\/\/megacase.com\/de\/wp-json\/wp\/v2\/product"}],"about":[{"href":"https:\/\/megacase.com\/de\/wp-json\/wp\/v2\/types\/product"}],"wp:featuredmedia":[{"embeddable":true,"href":"https:\/\/megacase.com\/de\/wp-json\/wp\/v2\/media\/80290"}],"wp:attachment":[{"href":"https:\/\/megacase.com\/de\/wp-json\/wp\/v2\/media?parent=61808"}],"wp:term":[{"taxonomy":"product_brand","embeddable":true,"href":"https:\/\/megacase.com\/de\/wp-json\/wp\/v2\/product_brand?post=61808"},{"taxonomy":"product_cat","embeddable":true,"href":"https:\/\/megacase.com\/de\/wp-json\/wp\/v2\/product_cat?post=61808"},{"taxonomy":"product_tag","embeddable":true,"href":"https:\/\/megacase.com\/de\/wp-json\/wp\/v2\/product_tag?post=61808"}],"curies":[{"name":"wp","href":"https:\/\/api.w.org\/{rel}","templated":true}]}}