{"id":61769,"date":"2017-05-18T15:57:56","date_gmt":"2017-05-18T13:57:56","guid":{"rendered":"https:\/\/mcx.sunlab.eu\/product\/case-korg-toneworks-ax-3000-g\/"},"modified":"2026-03-25T15:26:17","modified_gmt":"2026-03-25T14:26:17","slug":"case-korg-toneworks-ax-3000-g","status":"publish","type":"product","link":"https:\/\/megacase.com\/de\/produkt\/case-korg-toneworks-ax-3000-g\/","title":{"rendered":"Case Korg Toneworks AX-3000 G"},"content":{"rendered":"<p>Case f\u00fcr Korg AX-3000 G Toneworks (inkl. Platz f\u00fcr Netzteil und Kabel) <br \/> <br \/>\nGer\u00e4t kann im Unterteil bedient werden!<br \/> <br \/>\n7mm Birkenmultiplex <br \/> <br \/>\n22\/22mm Alukante<br \/> <br \/>\nKugelecke <br \/> <br \/>\n2x Butterflyverschl\u00fcsse<br \/> <br \/>\n1x Koffergriff<br \/> <br \/>\n4x Gummif\u00fc\u00dfe<\/p>\n<p><i><br \/>\nEffekt-Board Cases werden passgenau f\u00fcr jedes Multieffektger\u00e4t angefertigt. Nur so ist ein sicherer und bedenkenloser Transport gew\u00e4hrleistet. MegaCase verwendet ausschlie\u00dflich Qualit\u00e4tsbeschl\u00e4ge von Adam Hall. Gepolsterte Innenseiten, massive Kugelecken und Alu Profile machen dieses Flightcase alltagstauglich. Jedes Flightcase wird ausschlie\u00dflich in Deutschland produziert, und entspricht einem hohen industriellen Qualit\u00e4tsstandard. Bitte beachten: Geben Sie bei der der Bestellung im Kommentarfeld Ihr Multieffktboard-Modell an, das Case wird speziell f\u00fcr Ihr Ger\u00e4t angefertigt. Abbildung \u00e4hnlich (Beispielbild)<\/i>   *Aufschlag &#8211; 15%*<\/p>\n","protected":false},"excerpt":{"rendered":"<p>Case f\u00fcr Korg AX-3000 G Toneworks (inkl. Platz f\u00fcr Netzteil und Kabel) Ger\u00e4t kann im Unterteil bedient werden! 7mm Birkenmultiplex<\/p>\n","protected":false},"featured_media":34092,"template":"","meta":{"_acf_changed":false},"product_brand":[],"product_cat":[15043],"product_tag":[],"class_list":{"0":"post-61769","1":"product","2":"type-product","3":"status-publish","4":"has-post-thumbnail","6":"product_cat-uncategorized-de","8":"first","9":"instock","10":"taxable","11":"shipping-taxable","12":"purchasable","13":"product-type-simple"},"acf":[],"_links":{"self":[{"href":"https:\/\/megacase.com\/de\/wp-json\/wp\/v2\/product\/61769","targetHints":{"allow":["GET"]}}],"collection":[{"href":"https:\/\/megacase.com\/de\/wp-json\/wp\/v2\/product"}],"about":[{"href":"https:\/\/megacase.com\/de\/wp-json\/wp\/v2\/types\/product"}],"wp:featuredmedia":[{"embeddable":true,"href":"https:\/\/megacase.com\/de\/wp-json\/wp\/v2\/media\/34092"}],"wp:attachment":[{"href":"https:\/\/megacase.com\/de\/wp-json\/wp\/v2\/media?parent=61769"}],"wp:term":[{"taxonomy":"product_brand","embeddable":true,"href":"https:\/\/megacase.com\/de\/wp-json\/wp\/v2\/product_brand?post=61769"},{"taxonomy":"product_cat","embeddable":true,"href":"https:\/\/megacase.com\/de\/wp-json\/wp\/v2\/product_cat?post=61769"},{"taxonomy":"product_tag","embeddable":true,"href":"https:\/\/megacase.com\/de\/wp-json\/wp\/v2\/product_tag?post=61769"}],"curies":[{"name":"wp","href":"https:\/\/api.w.org\/{rel}","templated":true}]}}