{"id":53738,"date":"2017-02-08T00:00:00","date_gmt":"2017-02-07T23:00:00","guid":{"rendered":"https:\/\/mcx.sunlab.eu\/product\/single-door-case-400-x-500-x-480-mm-weiss\/"},"modified":"2026-03-25T15:14:06","modified_gmt":"2026-03-25T14:14:06","slug":"single-door-case-400-x-500-x-480-mm-weiss","status":"publish","type":"product","link":"https:\/\/megacase.com\/de\/produkt\/single-door-case-400-x-500-x-480-mm-weiss\/","title":{"rendered":"Single Door Case 400 x 500 x 480 mm wei\u00df"},"content":{"rendered":"<p>9mm Birke wei\u00df RAL 9003<br \/>\n30\/30 Alukante<br \/>\n2x Butterfly mittel mit \u00d6se<br \/>\n2x Feststellscharnier gro\u00df<br \/>\n2x Klappgriff<br \/>\n4x Kugelecke medium<br \/>\n4x Kugelecke mit integrierter L-Ecke medium<br \/>\nAuschnitte wie bei #4742<br \/>\nzus\u00e4tzlich L\u00fcftungsschlitze unter den Griffen rechts 6 St\u00fcck ab 4cm Unterkante<br \/>\nlinks Ausschnitt 270x140mm Ausschnitt beilegen  unten 70mm Durchmesser Loch Mittelpunkt 100mm von R\u00fcckwand entfernt<br \/>\nAu\u00dfenma\u00dfe: 450x555x530 mm  Gewicht: 11,4 kg<\/p>\n","protected":false},"excerpt":{"rendered":"<p>9mm Birke wei\u00df RAL 9003 30\/30 Alukante 2x Butterfly mittel mit \u00d6se 2x Feststellscharnier gro\u00df 2x Klappgriff 4x Kugelecke medium<\/p>\n","protected":false},"featured_media":91071,"template":"","meta":{"_acf_changed":false},"product_brand":[],"product_cat":[13508],"product_tag":[],"class_list":{"0":"post-53738","1":"product","2":"type-product","3":"status-publish","4":"has-post-thumbnail","6":"product_cat-universal-flightcases","8":"first","9":"instock","10":"taxable","11":"shipping-taxable","12":"purchasable","13":"product-type-simple"},"acf":[],"_links":{"self":[{"href":"https:\/\/megacase.com\/de\/wp-json\/wp\/v2\/product\/53738","targetHints":{"allow":["GET"]}}],"collection":[{"href":"https:\/\/megacase.com\/de\/wp-json\/wp\/v2\/product"}],"about":[{"href":"https:\/\/megacase.com\/de\/wp-json\/wp\/v2\/types\/product"}],"wp:featuredmedia":[{"embeddable":true,"href":"https:\/\/megacase.com\/de\/wp-json\/wp\/v2\/media\/91071"}],"wp:attachment":[{"href":"https:\/\/megacase.com\/de\/wp-json\/wp\/v2\/media?parent=53738"}],"wp:term":[{"taxonomy":"product_brand","embeddable":true,"href":"https:\/\/megacase.com\/de\/wp-json\/wp\/v2\/product_brand?post=53738"},{"taxonomy":"product_cat","embeddable":true,"href":"https:\/\/megacase.com\/de\/wp-json\/wp\/v2\/product_cat?post=53738"},{"taxonomy":"product_tag","embeddable":true,"href":"https:\/\/megacase.com\/de\/wp-json\/wp\/v2\/product_tag?post=53738"}],"curies":[{"name":"wp","href":"https:\/\/api.w.org\/{rel}","templated":true}]}}