{"id":53726,"date":"2017-01-25T00:00:00","date_gmt":"2017-01-24T23:00:00","guid":{"rendered":"https:\/\/mcx.sunlab.eu\/product\/profi-winkelcase-schiefergrau-auf-rollen-gelmatic-sc-150\/"},"modified":"2026-03-25T15:14:09","modified_gmt":"2026-03-25T14:14:09","slug":"profi-winkelcase-schiefergrau-auf-rollen-gelmatic-sc-150","status":"publish","type":"product","link":"https:\/\/megacase.com\/de\/produkt\/profi-winkelcase-schiefergrau-auf-rollen-gelmatic-sc-150\/","title":{"rendered":"Profi Winkelcase schiefergrau auf Rollen Gelmatic SC 150"},"content":{"rendered":"<p>Profi Winkelcase in schiefergrau (RAL 7015) auf Rollen (2x gebremst) mit abnehmbarer Haube   und Schaumstoffpolsterung f\u00fcr eine Softeismaschine Modell Gelmatic SC 150,<br \/>\nunten zwei Schubladen (Nutzh\u00f6he ca.154mm) dar\u00fcber ein Stauraum mit einem variablen Fachboden,<br \/>\nSofteismaschine steht auf einer Arbeitsh\u00f6he von ca. 900mm (inkl. Rollen), in der Arbeitsfl\u00e4che   sind ca.4mm tiefe Taschenfr\u00e4sungen f\u00fcr Gummif\u00fc\u00dfe eingefr\u00e4st, Kabeldurchf\u00fchrung von Arbeitsfl\u00e4che nach unten durch den Boden,<br \/>\nHaube ist mit Schaumstoff ausgepolstert und fixiert Maschine, vorderer Deckel kann als Beistelltisch genutzt werden;<br \/>\n9 mm Birkenmultiplex schiefergrau beschichtet,<br \/>\n30 x 30mm Alukante,<br \/>\nSchaumstoffpolsterung,<br \/>\n4 Klappf\u00fc\u00dfe im vorderen Deckel,<br \/>\n8 gefederte Butterfly-Verschl\u00fcsse,<br \/>\n6 Klappgriffe mittel,<br \/>\n8 Stahlkugelecken,<br \/>\nhergestellt in Deutschland<br \/>\nAu\u00dfenma\u00dfe: BxTxH 725x760x1590 mm<br \/>\nGewicht: 93 kg<\/p>\n","protected":false},"excerpt":{"rendered":"<p>Profi Winkelcase in schiefergrau (RAL 7015) auf Rollen (2x gebremst) mit abnehmbarer Haube und Schaumstoffpolsterung f\u00fcr eine Softeismaschine Modell Gelmatic<\/p>\n","protected":false},"featured_media":90767,"template":"","meta":{"_acf_changed":false},"product_brand":[],"product_cat":[13494],"product_tag":[],"class_list":{"0":"post-53726","1":"product","2":"type-product","3":"status-publish","4":"has-post-thumbnail","6":"product_cat-custom-cases","8":"first","9":"instock","10":"taxable","11":"shipping-taxable","12":"purchasable","13":"product-type-simple"},"acf":[],"_links":{"self":[{"href":"https:\/\/megacase.com\/de\/wp-json\/wp\/v2\/product\/53726","targetHints":{"allow":["GET"]}}],"collection":[{"href":"https:\/\/megacase.com\/de\/wp-json\/wp\/v2\/product"}],"about":[{"href":"https:\/\/megacase.com\/de\/wp-json\/wp\/v2\/types\/product"}],"wp:featuredmedia":[{"embeddable":true,"href":"https:\/\/megacase.com\/de\/wp-json\/wp\/v2\/media\/90767"}],"wp:attachment":[{"href":"https:\/\/megacase.com\/de\/wp-json\/wp\/v2\/media?parent=53726"}],"wp:term":[{"taxonomy":"product_brand","embeddable":true,"href":"https:\/\/megacase.com\/de\/wp-json\/wp\/v2\/product_brand?post=53726"},{"taxonomy":"product_cat","embeddable":true,"href":"https:\/\/megacase.com\/de\/wp-json\/wp\/v2\/product_cat?post=53726"},{"taxonomy":"product_tag","embeddable":true,"href":"https:\/\/megacase.com\/de\/wp-json\/wp\/v2\/product_tag?post=53726"}],"curies":[{"name":"wp","href":"https:\/\/api.w.org\/{rel}","templated":true}]}}