{"id":53711,"date":"2017-01-04T00:00:00","date_gmt":"2017-01-03T23:00:00","guid":{"rendered":"https:\/\/mcx.sunlab.eu\/product\/studiomoebel-desktop-rack-sonderhoehe-lt-zeichnung-gs\/"},"modified":"2026-03-25T15:14:12","modified_gmt":"2026-03-25T14:14:12","slug":"studiomoebel-desktop-rack-sonderhoehe-lt-zeichnung-gs","status":"publish","type":"product","link":"https:\/\/megacase.com\/de\/produkt\/studiomoebel-desktop-rack-sonderhoehe-lt-zeichnung-gs\/","title":{"rendered":"Studiom\u00f6bel Desktop Rack Sonderh\u00f6he lt Zeichnung+ GS"},"content":{"rendered":"<p>19 mm melaminbeschichtete M\u00f6belplatte  graphit  29 cm Einbautiefe<br \/>\n4 Filzgleiter<br \/>\nRackschiene vorne<br \/>\nSchraubensatz<br \/>\nHergestellt in Deutschland<br \/>\nMa\u00dfe (bxtxh): 540x350x345 mm unten<br \/>\nGewicht: 8,3 kg<\/p>\n","protected":false},"excerpt":{"rendered":"<p>19 mm melaminbeschichtete M\u00f6belplatte graphit 29 cm Einbautiefe 4 Filzgleiter Rackschiene vorne Schraubensatz Hergestellt in Deutschland Ma\u00dfe (bxtxh): 540x350x345 mm<\/p>\n","protected":false},"featured_media":90587,"template":"","meta":{"_acf_changed":false},"product_brand":[],"product_cat":[13494],"product_tag":[],"class_list":{"0":"post-53711","1":"product","2":"type-product","3":"status-publish","4":"has-post-thumbnail","6":"product_cat-custom-cases","8":"first","9":"instock","10":"taxable","11":"shipping-taxable","12":"purchasable","13":"product-type-simple"},"acf":[],"_links":{"self":[{"href":"https:\/\/megacase.com\/de\/wp-json\/wp\/v2\/product\/53711","targetHints":{"allow":["GET"]}}],"collection":[{"href":"https:\/\/megacase.com\/de\/wp-json\/wp\/v2\/product"}],"about":[{"href":"https:\/\/megacase.com\/de\/wp-json\/wp\/v2\/types\/product"}],"wp:featuredmedia":[{"embeddable":true,"href":"https:\/\/megacase.com\/de\/wp-json\/wp\/v2\/media\/90587"}],"wp:attachment":[{"href":"https:\/\/megacase.com\/de\/wp-json\/wp\/v2\/media?parent=53711"}],"wp:term":[{"taxonomy":"product_brand","embeddable":true,"href":"https:\/\/megacase.com\/de\/wp-json\/wp\/v2\/product_brand?post=53711"},{"taxonomy":"product_cat","embeddable":true,"href":"https:\/\/megacase.com\/de\/wp-json\/wp\/v2\/product_cat?post=53711"},{"taxonomy":"product_tag","embeddable":true,"href":"https:\/\/megacase.com\/de\/wp-json\/wp\/v2\/product_tag?post=53711"}],"curies":[{"name":"wp","href":"https:\/\/api.w.org\/{rel}","templated":true}]}}