{"id":53708,"date":"2016-12-29T00:00:00","date_gmt":"2016-12-28T23:00:00","guid":{"rendered":"https:\/\/mcx.sunlab.eu\/product\/winkelflightcase-fuer-registrierungsschalter-mit-schubladen\/"},"modified":"2026-03-25T15:14:14","modified_gmt":"2026-03-25T14:14:14","slug":"winkelflightcase-fuer-registrierungsschalter-mit-schubladen","status":"publish","type":"product","link":"https:\/\/megacase.com\/de\/produkt\/winkelflightcase-fuer-registrierungsschalter-mit-schubladen\/","title":{"rendered":"Winkelflightcase f\u00fcr Registrierungsschalter mit Schubladen"},"content":{"rendered":"<p>Winkelflightcase f\u00fcr  Registrierungsschalter, Ipad St\u00e4nder, und Zubeh\u00f6r<br \/>\n7mm Birke<br \/>\n30\/30 Alukante<br \/>\n6x Butterfly mittel<br \/>\n4x Klappgriff<br \/>\n8x Kugelecke medium<br \/>\nSchaumstoffpolsterung<br \/>\nInnenausbau<br \/>\n4x Lenkrolle (2xgebremst)<br \/>\nRackschienen f\u00fcr Rackschubladen<br \/>\nje eine Rackschublade 2HE, 3HE und 4HE<br \/>\nAu\u00dfenma\u00dfe: BxTxH 675x1370x675 mm<br \/>\nGewicht: 69,8 kg  Hergestellt in Deutschland<\/p>\n","protected":false},"excerpt":{"rendered":"<p>Winkelflightcase f\u00fcr Registrierungsschalter, Ipad St\u00e4nder, und Zubeh\u00f6r 7mm Birke 30\/30 Alukante 6x Butterfly mittel 4x Klappgriff 8x Kugelecke medium Schaumstoffpolsterung<\/p>\n","protected":false},"featured_media":90531,"template":"","meta":{"_acf_changed":false},"product_brand":[],"product_cat":[13508],"product_tag":[14577],"class_list":{"0":"post-53708","1":"product","2":"type-product","3":"status-publish","4":"has-post-thumbnail","6":"product_cat-universal-flightcases","7":"product_tag-schubladen","9":"first","10":"instock","11":"taxable","12":"shipping-taxable","13":"purchasable","14":"product-type-simple"},"acf":[],"_links":{"self":[{"href":"https:\/\/megacase.com\/de\/wp-json\/wp\/v2\/product\/53708","targetHints":{"allow":["GET"]}}],"collection":[{"href":"https:\/\/megacase.com\/de\/wp-json\/wp\/v2\/product"}],"about":[{"href":"https:\/\/megacase.com\/de\/wp-json\/wp\/v2\/types\/product"}],"wp:featuredmedia":[{"embeddable":true,"href":"https:\/\/megacase.com\/de\/wp-json\/wp\/v2\/media\/90531"}],"wp:attachment":[{"href":"https:\/\/megacase.com\/de\/wp-json\/wp\/v2\/media?parent=53708"}],"wp:term":[{"taxonomy":"product_brand","embeddable":true,"href":"https:\/\/megacase.com\/de\/wp-json\/wp\/v2\/product_brand?post=53708"},{"taxonomy":"product_cat","embeddable":true,"href":"https:\/\/megacase.com\/de\/wp-json\/wp\/v2\/product_cat?post=53708"},{"taxonomy":"product_tag","embeddable":true,"href":"https:\/\/megacase.com\/de\/wp-json\/wp\/v2\/product_tag?post=53708"}],"curies":[{"name":"wp","href":"https:\/\/api.w.org\/{rel}","templated":true}]}}