{"id":53697,"date":"2016-12-19T00:00:00","date_gmt":"2016-12-18T23:00:00","guid":{"rendered":"https:\/\/mcx.sunlab.eu\/product\/gitarrencase-fender-stratocaster-style\/"},"modified":"2026-03-25T15:14:16","modified_gmt":"2026-03-25T14:14:16","slug":"gitarrencase-fender-stratocaster-style","status":"publish","type":"product","link":"https:\/\/megacase.com\/de\/produkt\/gitarrencase-fender-stratocaster-style\/","title":{"rendered":"Gitarrencase Fender Stratocaster Style"},"content":{"rendered":"<p>Koffer 7 mm Birke Phenol<br \/>\n22 x 22mm Alukante<br \/>\n2 gefederte Butterfly-klein<br \/>\n1 Kofferschlo\u00df abschlie\u00dfbar<br \/>\n1 Ledergriff<br \/>\n2 Feststellscharniere gro\u00df<br \/>\n8 Stahlkugelecken klein<br \/>\nSchaumstoff<br \/>\nAu\u00dfenma\u00dfe BxTxH ca. 110 x 46,4 x 13,1<br \/>\nGewicht ca. 8,7 kg<br \/>\nGewicht mit Gitarre ca. 12,2 kg<\/p>\n","protected":false},"excerpt":{"rendered":"<p>Koffer 7 mm Birke Phenol 22 x 22mm Alukante 2 gefederte Butterfly-klein 1 Kofferschlo\u00df abschlie\u00dfbar 1 Ledergriff 2 Feststellscharniere gro\u00df<\/p>\n","protected":false},"featured_media":233074,"template":"","meta":{"_acf_changed":false},"product_brand":[],"product_cat":[13507,13508],"product_tag":[],"class_list":{"0":"post-53697","1":"product","2":"type-product","3":"status-publish","4":"has-post-thumbnail","6":"product_cat-fender","7":"product_cat-universal-flightcases","9":"first","10":"instock","11":"taxable","12":"shipping-taxable","13":"purchasable","14":"product-type-simple"},"acf":[],"_links":{"self":[{"href":"https:\/\/megacase.com\/de\/wp-json\/wp\/v2\/product\/53697","targetHints":{"allow":["GET"]}}],"collection":[{"href":"https:\/\/megacase.com\/de\/wp-json\/wp\/v2\/product"}],"about":[{"href":"https:\/\/megacase.com\/de\/wp-json\/wp\/v2\/types\/product"}],"wp:featuredmedia":[{"embeddable":true,"href":"https:\/\/megacase.com\/de\/wp-json\/wp\/v2\/media\/233074"}],"wp:attachment":[{"href":"https:\/\/megacase.com\/de\/wp-json\/wp\/v2\/media?parent=53697"}],"wp:term":[{"taxonomy":"product_brand","embeddable":true,"href":"https:\/\/megacase.com\/de\/wp-json\/wp\/v2\/product_brand?post=53697"},{"taxonomy":"product_cat","embeddable":true,"href":"https:\/\/megacase.com\/de\/wp-json\/wp\/v2\/product_cat?post=53697"},{"taxonomy":"product_tag","embeddable":true,"href":"https:\/\/megacase.com\/de\/wp-json\/wp\/v2\/product_tag?post=53697"}],"curies":[{"name":"wp","href":"https:\/\/api.w.org\/{rel}","templated":true}]}}