{"id":53686,"date":"2016-12-08T00:00:00","date_gmt":"2016-12-07T23:00:00","guid":{"rendered":"https:\/\/mcx.sunlab.eu\/product\/profi-haubencase-fuer-eine-modellplatte-mit-rollen\/"},"modified":"2026-03-25T15:16:01","modified_gmt":"2026-03-25T14:16:01","slug":"profi-haubencase-fuer-eine-modellplatte-mit-rollen","status":"publish","type":"product","link":"https:\/\/megacase.com\/de\/produkt\/profi-haubencase-fuer-eine-modellplatte-mit-rollen\/","title":{"rendered":"Profi Haubencase f\u00fcr eine Modellplatte mit Rollen"},"content":{"rendered":"<p>Profi Haubencase auf Rollen (2x gebremst) mit Schaumstoffpolsterung  f\u00fcr eine Modellplatte lt. Zeichnung. Modellplatte steht auf einem 80mm dicken Schaumstoff,  dadurch entsteht unten ein Zubeh\u00f6rfach f\u00fcr weitere Modellh\u00e4user wie auch Steckdosenleisten,  Seitlich wird ein 40mm starker Schaumstoff verklebt, es werden an den L\u00e4ngst-Seiten jeweils zwei  Freir\u00e4ume gelassen um die Modellplatte leichter zu entnehmen. Die Deckelplatte wird mit einem 10mm starken  Schaumstoff ausgekleidet, dazu werden lose Schaumstoffst\u00fccke mitgeliefert um die Polsterung am Deckel dem Modell besser anzupassen.  Auf dem Deckel sind aufnahmen f\u00fcr Rutschleisten zum besseren Stapeln;<br \/>\n9 mm Birkenmultiplex,<br \/>\n30 x 30mm Alukante,<br \/>\nSchaumstoffpolsterung,<br \/>\n4 gefederte Butterfly-Verschl\u00fcsse,<br \/>\n4 Klappgriffe,<br \/>\nStahlkugelecken,<br \/>\nhergestellt in Deutschland<br \/>\nAu\u00dfenma\u00dfe: BxTxH 1550x880x670 mm<br \/>\nGewicht: 55,2 kg<\/p>\n","protected":false},"excerpt":{"rendered":"<p>Profi Haubencase auf Rollen (2x gebremst) mit Schaumstoffpolsterung f\u00fcr eine Modellplatte lt. Zeichnung. Modellplatte steht auf einem 80mm dicken Schaumstoff,<\/p>\n","protected":false},"featured_media":89975,"template":"","meta":{"_acf_changed":false},"product_brand":[],"product_cat":[13508],"product_tag":[],"class_list":{"0":"post-53686","1":"product","2":"type-product","3":"status-publish","4":"has-post-thumbnail","6":"product_cat-universal-flightcases","8":"first","9":"instock","10":"taxable","11":"shipping-taxable","12":"purchasable","13":"product-type-simple"},"acf":[],"_links":{"self":[{"href":"https:\/\/megacase.com\/de\/wp-json\/wp\/v2\/product\/53686","targetHints":{"allow":["GET"]}}],"collection":[{"href":"https:\/\/megacase.com\/de\/wp-json\/wp\/v2\/product"}],"about":[{"href":"https:\/\/megacase.com\/de\/wp-json\/wp\/v2\/types\/product"}],"wp:featuredmedia":[{"embeddable":true,"href":"https:\/\/megacase.com\/de\/wp-json\/wp\/v2\/media\/89975"}],"wp:attachment":[{"href":"https:\/\/megacase.com\/de\/wp-json\/wp\/v2\/media?parent=53686"}],"wp:term":[{"taxonomy":"product_brand","embeddable":true,"href":"https:\/\/megacase.com\/de\/wp-json\/wp\/v2\/product_brand?post=53686"},{"taxonomy":"product_cat","embeddable":true,"href":"https:\/\/megacase.com\/de\/wp-json\/wp\/v2\/product_cat?post=53686"},{"taxonomy":"product_tag","embeddable":true,"href":"https:\/\/megacase.com\/de\/wp-json\/wp\/v2\/product_tag?post=53686"}],"curies":[{"name":"wp","href":"https:\/\/api.w.org\/{rel}","templated":true}]}}