{"id":53672,"date":"2016-11-24T00:00:00","date_gmt":"2016-11-23T23:00:00","guid":{"rendered":"https:\/\/mcx.sunlab.eu\/product\/single-door-case-fuer-kuehlschrank\/"},"modified":"2026-03-25T15:09:37","modified_gmt":"2026-03-25T14:09:37","slug":"single-door-case-fuer-kuehlschrank","status":"publish","type":"product","link":"https:\/\/megacase.com\/de\/produkt\/single-door-case-fuer-kuehlschrank\/","title":{"rendered":"Single Door Case f\u00fcr K\u00fchlschrank"},"content":{"rendered":"<p>Aussenh\u00f6he wie Kaffem\u00fchlencase 542 x 525 x 865 mm BxTxH<br \/>\n9mm Birke wei\u00df RAL 9003<br \/>\n30\/30 Alukante<br \/>\n4x Butterfly mittel<br \/>\n4x Klappgriff<br \/>\n8x Kugelecke gro\u00df<br \/>\nSchaumstoffpolsterung<br \/>\n4x Lenkrolle (2xgebremst)<br \/>\nAu\u00dfenma\u00dfe: BxHxT 650x700x1084 mm<br \/>\nGewicht: 37,8 kg<br \/>\nHergestellt in Deutschland<\/p>\n","protected":false},"excerpt":{"rendered":"<p>Aussenh\u00f6he wie Kaffem\u00fchlencase 542 x 525 x 865 mm BxTxH 9mm Birke wei\u00df RAL 9003 30\/30 Alukante 4x Butterfly mittel<\/p>\n","protected":false},"featured_media":89707,"template":"","meta":{"_acf_changed":false},"product_brand":[],"product_cat":[13508],"product_tag":[],"class_list":{"0":"post-53672","1":"product","2":"type-product","3":"status-publish","4":"has-post-thumbnail","6":"product_cat-universal-flightcases","8":"first","9":"instock","10":"taxable","11":"shipping-taxable","12":"purchasable","13":"product-type-simple"},"acf":[],"_links":{"self":[{"href":"https:\/\/megacase.com\/de\/wp-json\/wp\/v2\/product\/53672","targetHints":{"allow":["GET"]}}],"collection":[{"href":"https:\/\/megacase.com\/de\/wp-json\/wp\/v2\/product"}],"about":[{"href":"https:\/\/megacase.com\/de\/wp-json\/wp\/v2\/types\/product"}],"wp:featuredmedia":[{"embeddable":true,"href":"https:\/\/megacase.com\/de\/wp-json\/wp\/v2\/media\/89707"}],"wp:attachment":[{"href":"https:\/\/megacase.com\/de\/wp-json\/wp\/v2\/media?parent=53672"}],"wp:term":[{"taxonomy":"product_brand","embeddable":true,"href":"https:\/\/megacase.com\/de\/wp-json\/wp\/v2\/product_brand?post=53672"},{"taxonomy":"product_cat","embeddable":true,"href":"https:\/\/megacase.com\/de\/wp-json\/wp\/v2\/product_cat?post=53672"},{"taxonomy":"product_tag","embeddable":true,"href":"https:\/\/megacase.com\/de\/wp-json\/wp\/v2\/product_tag?post=53672"}],"curies":[{"name":"wp","href":"https:\/\/api.w.org\/{rel}","templated":true}]}}