{"id":53667,"date":"2016-11-17T00:00:00","date_gmt":"2016-11-16T23:00:00","guid":{"rendered":"https:\/\/mcx.sunlab.eu\/product\/thekencase-fuer-kaffemaschine\/"},"modified":"2026-03-25T15:09:38","modified_gmt":"2026-03-25T14:09:38","slug":"thekencase-fuer-kaffemaschine","status":"publish","type":"product","link":"https:\/\/megacase.com\/de\/produkt\/thekencase-fuer-kaffemaschine\/","title":{"rendered":"Thekencase f\u00fcr Kaffemaschine"},"content":{"rendered":"<p>Heavy Thekencase wei\u00df auf Rollen mit Facheinteilung<br \/>\nKaffeemaschine links rechts daneben Ausschnitt f\u00fcr Gl\u00e4serdusche 480x313mm<br \/>\nTheke 160cm breit<br \/>\n9mm Birke wei\u00df RAL 9003<br \/>\n35 x 35mm Alukante<br \/>\n6x gefederte Butterfly-Verschl\u00fc\u00dfe gro\u00df<br \/>\n4x Klappgriffe gro\u00df<br \/>\n4 Stahlkugelecken gro\u00df gestuft<br \/>\n8x Hebelverschlu\u00df(4x abschlie\u00dfbar)<br \/>\nT\u00fcrscharnier aush\u00e4ngbar<br \/>\n4 Schwerlast Lenkrollen davon 2 gebremst<br \/>\nRollen<br \/>\nInnenausbau<br \/>\nSchaumstoff<\/p>\n","protected":false},"excerpt":{"rendered":"<p>Heavy Thekencase wei\u00df auf Rollen mit Facheinteilung Kaffeemaschine links rechts daneben Ausschnitt f\u00fcr Gl\u00e4serdusche 480x313mm Theke 160cm breit 9mm Birke<\/p>\n","protected":false},"featured_media":149383,"template":"","meta":{"_acf_changed":false},"product_brand":[],"product_cat":[13508],"product_tag":[],"class_list":{"0":"post-53667","1":"product","2":"type-product","3":"status-publish","4":"has-post-thumbnail","6":"product_cat-universal-flightcases","8":"first","9":"instock","10":"taxable","11":"shipping-taxable","12":"purchasable","13":"product-type-simple"},"acf":[],"_links":{"self":[{"href":"https:\/\/megacase.com\/de\/wp-json\/wp\/v2\/product\/53667","targetHints":{"allow":["GET"]}}],"collection":[{"href":"https:\/\/megacase.com\/de\/wp-json\/wp\/v2\/product"}],"about":[{"href":"https:\/\/megacase.com\/de\/wp-json\/wp\/v2\/types\/product"}],"wp:featuredmedia":[{"embeddable":true,"href":"https:\/\/megacase.com\/de\/wp-json\/wp\/v2\/media\/149383"}],"wp:attachment":[{"href":"https:\/\/megacase.com\/de\/wp-json\/wp\/v2\/media?parent=53667"}],"wp:term":[{"taxonomy":"product_brand","embeddable":true,"href":"https:\/\/megacase.com\/de\/wp-json\/wp\/v2\/product_brand?post=53667"},{"taxonomy":"product_cat","embeddable":true,"href":"https:\/\/megacase.com\/de\/wp-json\/wp\/v2\/product_cat?post=53667"},{"taxonomy":"product_tag","embeddable":true,"href":"https:\/\/megacase.com\/de\/wp-json\/wp\/v2\/product_tag?post=53667"}],"curies":[{"name":"wp","href":"https:\/\/api.w.org\/{rel}","templated":true}]}}