{"id":53666,"date":"2016-11-17T00:00:00","date_gmt":"2016-11-16T23:00:00","guid":{"rendered":"https:\/\/mcx.sunlab.eu\/product\/single-door-case-fuer-kaffemuehle-500-x-500-x-780-mm-bxtxh\/"},"modified":"2026-03-25T15:09:38","modified_gmt":"2026-03-25T14:09:38","slug":"single-door-case-fuer-kaffemuehle-500-x-500-x-780-mm-bxtxh","status":"publish","type":"product","link":"https:\/\/megacase.com\/de\/produkt\/single-door-case-fuer-kaffemuehle-500-x-500-x-780-mm-bxtxh\/","title":{"rendered":"Single Door Case f\u00fcr Kaffem\u00fchle  500 x 500 x 780 mm BxTxH"},"content":{"rendered":"<p>oben Ausschnitt 150&#215;150   mit Abschlagbeh\u00e4lter<br \/>\n9mm Birke<br \/>\n30\/30 Alukante<br \/>\n4x Butterfly mittel<br \/>\n4x Klappgriff<br \/>\n8x Kugelecke gro\u00df<br \/>\nSchaumstoffpolsterung<br \/>\n4x Lenkrolle (2xgebremst)<br \/>\nInnenausbau<br \/>\nAu\u00dfenma\u00dfe: BxTxH 540x700x1080 mm<br \/>\nGewicht: ca. 22 kg<br \/>\nMade in Germany<\/p>\n","protected":false},"excerpt":{"rendered":"<p>oben Ausschnitt 150&#215;150 mit Abschlagbeh\u00e4lter 9mm Birke 30\/30 Alukante 4x Butterfly mittel 4x Klappgriff 8x Kugelecke gro\u00df Schaumstoffpolsterung 4x Lenkrolle<\/p>\n","protected":false},"featured_media":89679,"template":"","meta":{"_acf_changed":false},"product_brand":[],"product_cat":[13508],"product_tag":[],"class_list":{"0":"post-53666","1":"product","2":"type-product","3":"status-publish","4":"has-post-thumbnail","6":"product_cat-universal-flightcases","8":"first","9":"instock","10":"taxable","11":"shipping-taxable","12":"purchasable","13":"product-type-simple"},"acf":[],"_links":{"self":[{"href":"https:\/\/megacase.com\/de\/wp-json\/wp\/v2\/product\/53666","targetHints":{"allow":["GET"]}}],"collection":[{"href":"https:\/\/megacase.com\/de\/wp-json\/wp\/v2\/product"}],"about":[{"href":"https:\/\/megacase.com\/de\/wp-json\/wp\/v2\/types\/product"}],"wp:featuredmedia":[{"embeddable":true,"href":"https:\/\/megacase.com\/de\/wp-json\/wp\/v2\/media\/89679"}],"wp:attachment":[{"href":"https:\/\/megacase.com\/de\/wp-json\/wp\/v2\/media?parent=53666"}],"wp:term":[{"taxonomy":"product_brand","embeddable":true,"href":"https:\/\/megacase.com\/de\/wp-json\/wp\/v2\/product_brand?post=53666"},{"taxonomy":"product_cat","embeddable":true,"href":"https:\/\/megacase.com\/de\/wp-json\/wp\/v2\/product_cat?post=53666"},{"taxonomy":"product_tag","embeddable":true,"href":"https:\/\/megacase.com\/de\/wp-json\/wp\/v2\/product_tag?post=53666"}],"curies":[{"name":"wp","href":"https:\/\/api.w.org\/{rel}","templated":true}]}}