{"id":53651,"date":"2016-11-02T00:00:00","date_gmt":"2016-11-01T23:00:00","guid":{"rendered":"https:\/\/mcx.sunlab.eu\/product\/mixercase-alto-1604-mit-laptopschlitten-und-kabelkanal\/"},"modified":"2026-03-25T15:09:42","modified_gmt":"2026-03-25T14:09:42","slug":"mixercase-alto-1604-mit-laptopschlitten-und-kabelkanal","status":"publish","type":"product","link":"https:\/\/megacase.com\/de\/produkt\/mixercase-alto-1604-mit-laptopschlitten-und-kabelkanal\/","title":{"rendered":"Mixercase Alto 1604 mit Laptopschlitten und Kabelkanal"},"content":{"rendered":"<p>Haubencase mit Schaumstoffpolsterung   f\u00fcr ein Alto 1604 inkl. 10cm Platz f\u00fcr Kabel hinter Pult und einem Laptopschlitten dar\u00fcber mit 10cm Abstand zum Pult f\u00fcr Stecker;<br \/>\n7mm Birkenmultiplex,<br \/>\n25 x 25 Alukante,<br \/>\nSchaumstoffpolsterung,<br \/>\n4 Gummif\u00fc\u00dfe 35 x 20<br \/>\n4 gefederte Butterfly-Verschl\u00fc\u00dfe,<br \/>\n1 Klappgriffe,<br \/>\nStahlkugelecken,<br \/>\nAu\u00dfenma\u00dfe: BxTxH 625x575x280 mm<br \/>\nGewicht: 13,4 kg<br \/>\nHergestellt in Deutschland<\/p>\n","protected":false},"excerpt":{"rendered":"<p>Haubencase mit Schaumstoffpolsterung f\u00fcr ein Alto 1604 inkl. 10cm Platz f\u00fcr Kabel hinter Pult und einem Laptopschlitten dar\u00fcber mit 10cm<\/p>\n","protected":false},"featured_media":89371,"template":"","meta":{"_acf_changed":false},"product_brand":[],"product_cat":[13495],"product_tag":[],"class_list":{"0":"post-53651","1":"product","2":"type-product","3":"status-publish","4":"has-post-thumbnail","6":"product_cat-mischpult-cases","8":"first","9":"instock","10":"taxable","11":"shipping-taxable","12":"purchasable","13":"product-type-simple"},"acf":[],"_links":{"self":[{"href":"https:\/\/megacase.com\/de\/wp-json\/wp\/v2\/product\/53651","targetHints":{"allow":["GET"]}}],"collection":[{"href":"https:\/\/megacase.com\/de\/wp-json\/wp\/v2\/product"}],"about":[{"href":"https:\/\/megacase.com\/de\/wp-json\/wp\/v2\/types\/product"}],"wp:featuredmedia":[{"embeddable":true,"href":"https:\/\/megacase.com\/de\/wp-json\/wp\/v2\/media\/89371"}],"wp:attachment":[{"href":"https:\/\/megacase.com\/de\/wp-json\/wp\/v2\/media?parent=53651"}],"wp:term":[{"taxonomy":"product_brand","embeddable":true,"href":"https:\/\/megacase.com\/de\/wp-json\/wp\/v2\/product_brand?post=53651"},{"taxonomy":"product_cat","embeddable":true,"href":"https:\/\/megacase.com\/de\/wp-json\/wp\/v2\/product_cat?post=53651"},{"taxonomy":"product_tag","embeddable":true,"href":"https:\/\/megacase.com\/de\/wp-json\/wp\/v2\/product_tag?post=53651"}],"curies":[{"name":"wp","href":"https:\/\/api.w.org\/{rel}","templated":true}]}}