{"id":53649,"date":"2016-10-29T00:00:00","date_gmt":"2016-10-28T22:00:00","guid":{"rendered":"https:\/\/mcx.sunlab.eu\/product\/truhencase-blau-750x560x300mm-bxtxh-aussenmasse\/"},"modified":"2026-03-25T15:09:43","modified_gmt":"2026-03-25T14:09:43","slug":"truhencase-blau-750x560x300mm-bxtxh-aussenmasse","status":"publish","type":"product","link":"https:\/\/megacase.com\/de\/produkt\/truhencase-blau-750x560x300mm-bxtxh-aussenmasse\/","title":{"rendered":"Truhencase blau 750x560x300mm BxTxH Au\u00dfenma\u00dfe"},"content":{"rendered":"<p>Transportkoffer in blau mit den Au\u00dfenma\u00dfen von Alukante zu Alukante von 750 x 560 x 300mm BxTxH,<br \/>\nUnterteil mind. 150mm hoch lt. Zeichnung mit 20mm Schaumstoffpolsterung;<br \/>\n7mm Birkenmultiplex blau beschichtet,<br \/>\n30 x 30mm Alukante,<br \/>\n4 gefederte Butterfly-Verschl\u00fc\u00dfe mittel ,<br \/>\n4 Klappgriffe mittel,<br \/>\n8 Stahlkugelecken,<br \/>\nRutschleisten,<br \/>\nhergestellt in Deutschland<\/p>\n","protected":false},"excerpt":{"rendered":"<p>Transportkoffer in blau mit den Au\u00dfenma\u00dfen von Alukante zu Alukante von 750 x 560 x 300mm BxTxH, Unterteil mind. 150mm<\/p>\n","protected":false},"featured_media":265127,"template":"","meta":{"_acf_changed":false},"product_brand":[],"product_cat":[13494],"product_tag":[],"class_list":{"0":"post-53649","1":"product","2":"type-product","3":"status-publish","4":"has-post-thumbnail","6":"product_cat-custom-cases","8":"first","9":"instock","10":"taxable","11":"shipping-taxable","12":"purchasable","13":"product-type-simple"},"acf":[],"_links":{"self":[{"href":"https:\/\/megacase.com\/de\/wp-json\/wp\/v2\/product\/53649","targetHints":{"allow":["GET"]}}],"collection":[{"href":"https:\/\/megacase.com\/de\/wp-json\/wp\/v2\/product"}],"about":[{"href":"https:\/\/megacase.com\/de\/wp-json\/wp\/v2\/types\/product"}],"wp:featuredmedia":[{"embeddable":true,"href":"https:\/\/megacase.com\/de\/wp-json\/wp\/v2\/media\/265127"}],"wp:attachment":[{"href":"https:\/\/megacase.com\/de\/wp-json\/wp\/v2\/media?parent=53649"}],"wp:term":[{"taxonomy":"product_brand","embeddable":true,"href":"https:\/\/megacase.com\/de\/wp-json\/wp\/v2\/product_brand?post=53649"},{"taxonomy":"product_cat","embeddable":true,"href":"https:\/\/megacase.com\/de\/wp-json\/wp\/v2\/product_cat?post=53649"},{"taxonomy":"product_tag","embeddable":true,"href":"https:\/\/megacase.com\/de\/wp-json\/wp\/v2\/product_tag?post=53649"}],"curies":[{"name":"wp","href":"https:\/\/api.w.org\/{rel}","templated":true}]}}