{"id":53640,"date":"2016-10-25T00:00:00","date_gmt":"2016-10-24T22:00:00","guid":{"rendered":"https:\/\/mcx.sunlab.eu\/product\/studio-rack-case-fuer-weinkuehlschrank-auf-rollen\/"},"modified":"2026-03-25T15:09:45","modified_gmt":"2026-03-25T14:09:45","slug":"studio-rack-case-fuer-weinkuehlschrank-auf-rollen","status":"publish","type":"product","link":"https:\/\/megacase.com\/de\/produkt\/studio-rack-case-fuer-weinkuehlschrank-auf-rollen\/","title":{"rendered":"Studio Rack Case f\u00fcr Weink\u00fchlschrank auf Rollen"},"content":{"rendered":"<p>Double Door Profi Studio  Innenma\u00dfe  547 x 566 x 873 mm<br \/>\n9 mm Birke Phenol<br \/>\n30x30mm Alukanten<br \/>\n9mm Hutprofilumrandung<br \/>\n4 Klappgriffe mittel<br \/>\n4x Lenkrolle (2xgebremst)<br \/>\n(Bild abweichend mit 2 Klappgriffen)<br \/>\nAu\u00dfenma\u00dfe. BxTxH 580x570x1055 mm<br \/>\nGewicht: 21,4 kg<br \/>\nHergestellt in Deutschland<\/p>\n","protected":false},"excerpt":{"rendered":"<p>Double Door Profi Studio Innenma\u00dfe 547 x 566 x 873 mm 9 mm Birke Phenol 30x30mm Alukanten 9mm Hutprofilumrandung 4<\/p>\n","protected":false},"featured_media":89235,"template":"","meta":{"_acf_changed":false},"product_brand":[],"product_cat":[13510],"product_tag":[],"class_list":{"0":"post-53640","1":"product","2":"type-product","3":"status-publish","4":"has-post-thumbnail","6":"product_cat-racks","8":"first","9":"instock","10":"taxable","11":"shipping-taxable","12":"purchasable","13":"product-type-simple"},"acf":[],"_links":{"self":[{"href":"https:\/\/megacase.com\/de\/wp-json\/wp\/v2\/product\/53640","targetHints":{"allow":["GET"]}}],"collection":[{"href":"https:\/\/megacase.com\/de\/wp-json\/wp\/v2\/product"}],"about":[{"href":"https:\/\/megacase.com\/de\/wp-json\/wp\/v2\/types\/product"}],"wp:featuredmedia":[{"embeddable":true,"href":"https:\/\/megacase.com\/de\/wp-json\/wp\/v2\/media\/89235"}],"wp:attachment":[{"href":"https:\/\/megacase.com\/de\/wp-json\/wp\/v2\/media?parent=53640"}],"wp:term":[{"taxonomy":"product_brand","embeddable":true,"href":"https:\/\/megacase.com\/de\/wp-json\/wp\/v2\/product_brand?post=53640"},{"taxonomy":"product_cat","embeddable":true,"href":"https:\/\/megacase.com\/de\/wp-json\/wp\/v2\/product_cat?post=53640"},{"taxonomy":"product_tag","embeddable":true,"href":"https:\/\/megacase.com\/de\/wp-json\/wp\/v2\/product_tag?post=53640"}],"curies":[{"name":"wp","href":"https:\/\/api.w.org\/{rel}","templated":true}]}}