{"id":53618,"date":"2016-09-27T00:00:00","date_gmt":"2016-09-26T22:00:00","guid":{"rendered":"https:\/\/mcx.sunlab.eu\/product\/haubencase-line6-spider-valve-112\/"},"modified":"2026-03-25T15:09:50","modified_gmt":"2026-03-25T14:09:50","slug":"haubencase-line6-spider-valve-112","status":"publish","type":"product","link":"https:\/\/megacase.com\/de\/produkt\/haubencase-line6-spider-valve-112\/","title":{"rendered":"Haubencase Line6 Spider Valve 112"},"content":{"rendered":"<p>Haube 7 mm Birkenmultiplex<br \/>\n30x30mm Alukante<br \/>\n2 gefederte Butterfly-Verschl\u00fcsse gro\u00df<br \/>\n2 Klappgriffe mittel<br \/>\nSchaumstoffpolsterung<br \/>\nAu\u00dfenma\u00dfe ca. BxTxH 64,7 x 34,9 x 61cm<br \/>\nGewicht ca. 11,4 kg<br \/>\nGewicht mit Line6 ca. 34,1 kg<\/p>\n","protected":false},"excerpt":{"rendered":"<p>Haube 7 mm Birkenmultiplex 30x30mm Alukante 2 gefederte Butterfly-Verschl\u00fcsse gro\u00df 2 Klappgriffe mittel Schaumstoffpolsterung Au\u00dfenma\u00dfe ca. BxTxH 64,7 x 34,9<\/p>\n","protected":false},"featured_media":0,"template":"","meta":{"_acf_changed":false},"product_brand":[],"product_cat":[13499,13607],"product_tag":[14357],"class_list":{"0":"post-53618","1":"product","2":"type-product","3":"status-publish","5":"product_cat-amp-cases","6":"product_cat-line-6","7":"product_tag-line-6","9":"first","10":"instock","11":"taxable","12":"shipping-taxable","13":"purchasable","14":"product-type-simple"},"acf":[],"_links":{"self":[{"href":"https:\/\/megacase.com\/de\/wp-json\/wp\/v2\/product\/53618","targetHints":{"allow":["GET"]}}],"collection":[{"href":"https:\/\/megacase.com\/de\/wp-json\/wp\/v2\/product"}],"about":[{"href":"https:\/\/megacase.com\/de\/wp-json\/wp\/v2\/types\/product"}],"wp:attachment":[{"href":"https:\/\/megacase.com\/de\/wp-json\/wp\/v2\/media?parent=53618"}],"wp:term":[{"taxonomy":"product_brand","embeddable":true,"href":"https:\/\/megacase.com\/de\/wp-json\/wp\/v2\/product_brand?post=53618"},{"taxonomy":"product_cat","embeddable":true,"href":"https:\/\/megacase.com\/de\/wp-json\/wp\/v2\/product_cat?post=53618"},{"taxonomy":"product_tag","embeddable":true,"href":"https:\/\/megacase.com\/de\/wp-json\/wp\/v2\/product_tag?post=53618"}],"curies":[{"name":"wp","href":"https:\/\/api.w.org\/{rel}","templated":true}]}}