{"id":53604,"date":"2016-09-09T00:00:00","date_gmt":"2016-09-08T22:00:00","guid":{"rendered":"https:\/\/mcx.sunlab.eu\/product\/schrankcase-auf-rollen-weiss-bestellung-nr-45424413\/"},"modified":"2026-03-25T15:09:53","modified_gmt":"2026-03-25T14:09:53","slug":"schrankcase-auf-rollen-weiss-bestellung-nr-45424413","status":"publish","type":"product","link":"https:\/\/megacase.com\/de\/produkt\/schrankcase-auf-rollen-weiss-bestellung-nr-45424413\/","title":{"rendered":"Schrankcase auf Rollen wei\u00df Bestellung Nr. 45424413"},"content":{"rendered":"<p>Schrankcase auf Rollen (2x gebremst) in wei\u00df mit einer 30cm hohen Schublade unten,     einer festen Facheinteilung dar\u00fcber mit 3 Fachb\u00f6den inkl. Herausfallschutz im Korpus,<br \/>\neine Halterung im Deckel f\u00fcr ca.6-8 Plakatrollen, dar\u00fcber einen festen Fachboden mit einem Herausfallschutz,<br \/>\nAu\u00dfenma\u00dfe \u00fcber Alukanten inkl. Rollen  600 x 600 x 1360 mm BxTxH;<br \/>\n7mm Birkenmultiplex,<br \/>\n30 x 30mm Alukante,<br \/>\n2 gefederte Butterfly-Verschl\u00fc\u00dfe,<br \/>\n3 Klappgriffe,<br \/>\n8 Stahlkugelecken,<br \/>\nhergestellt in Deutschland<br \/>\nAu\u00dfenma\u00dfe: BxTxH 600x600x1375 mm<br \/>\nGewicht: 49,5 kg<\/p>\n","protected":false},"excerpt":{"rendered":"<p>Schrankcase auf Rollen (2x gebremst) in wei\u00df mit einer 30cm hohen Schublade unten, einer festen Facheinteilung dar\u00fcber mit 3 Fachb\u00f6den<\/p>\n","protected":false},"featured_media":88775,"template":"","meta":{"_acf_changed":false},"product_brand":[],"product_cat":[13508],"product_tag":[14248],"class_list":{"0":"post-53604","1":"product","2":"type-product","3":"status-publish","4":"has-post-thumbnail","6":"product_cat-universal-flightcases","7":"product_tag-schrankcase","9":"first","10":"instock","11":"taxable","12":"shipping-taxable","13":"purchasable","14":"product-type-simple"},"acf":[],"_links":{"self":[{"href":"https:\/\/megacase.com\/de\/wp-json\/wp\/v2\/product\/53604","targetHints":{"allow":["GET"]}}],"collection":[{"href":"https:\/\/megacase.com\/de\/wp-json\/wp\/v2\/product"}],"about":[{"href":"https:\/\/megacase.com\/de\/wp-json\/wp\/v2\/types\/product"}],"wp:featuredmedia":[{"embeddable":true,"href":"https:\/\/megacase.com\/de\/wp-json\/wp\/v2\/media\/88775"}],"wp:attachment":[{"href":"https:\/\/megacase.com\/de\/wp-json\/wp\/v2\/media?parent=53604"}],"wp:term":[{"taxonomy":"product_brand","embeddable":true,"href":"https:\/\/megacase.com\/de\/wp-json\/wp\/v2\/product_brand?post=53604"},{"taxonomy":"product_cat","embeddable":true,"href":"https:\/\/megacase.com\/de\/wp-json\/wp\/v2\/product_cat?post=53604"},{"taxonomy":"product_tag","embeddable":true,"href":"https:\/\/megacase.com\/de\/wp-json\/wp\/v2\/product_tag?post=53604"}],"curies":[{"name":"wp","href":"https:\/\/api.w.org\/{rel}","templated":true}]}}