{"id":53599,"date":"2016-09-07T00:00:00","date_gmt":"2016-09-06T22:00:00","guid":{"rendered":"https:\/\/mcx.sunlab.eu\/product\/16he-live-dj-table-rack-mk-ii\/"},"modified":"2026-03-25T15:09:54","modified_gmt":"2026-03-25T14:09:54","slug":"16he-live-dj-table-rack-mk-ii","status":"publish","type":"product","link":"https:\/\/megacase.com\/de\/produkt\/16he-live-dj-table-rack-mk-ii\/","title":{"rendered":"16HE Live DJ Table Rack MK II"},"content":{"rendered":"<p>16 HE Rack f\u00fcr kompakte DJ-Anlage, Endstufe, 19&#8243; Doppel CD-Player, 19&#8243; Mischpult und 19&#8243; CD-Bedienteil<br \/>\n16 HE Nutzh\u00f6he unten\/vorne senkrecht f\u00fcr Endstufe, CD-Player etc.<br \/>\n8 HE Nutzh\u00f6he schr\u00e4g f\u00fcr Mixer<br \/>\n4 HE Nutzh\u00f6he oben leicht schr\u00e4g f\u00fcr CD-Bedienteil<br \/>\n52 cm Einbautiefe unten<br \/>\nstufenlose Alurackschienen mit Gummikeder<br \/>\nunten gro\u00dfe (35 x 45 cm) Serviceklappe sowie oben kleine (35 x 12 cm) Serviceklappe auf der R\u00fcckseite<br \/>\nBefestigung f\u00fcr Deckel seitlich am Case<br \/>\nMaterial: 6,8 mm Birkenmultiplex phenolharz beschichtet<br \/>\nFarbe: Braun<br \/>\n25 x 25 mm Alukante<br \/>\n6 gefederte Medium-Butterfly-Verschl\u00fcsse<br \/>\n4 Klappgriffe<br \/>\n4 Lenkrollen (2 gebremst)<br \/>\nflache Stahlecken<br \/>\nAu\u00dfenma\u00dfe (B x T x H): 54,5 x 65,5 x 117,7 cm<br \/>\nGewicht: 38,5 kg<br \/>\nhergestellt in Deutschland<\/p>\n","protected":false},"excerpt":{"rendered":"<p>16 HE Rack f\u00fcr kompakte DJ-Anlage, Endstufe, 19&#8243; Doppel CD-Player, 19&#8243; Mischpult und 19&#8243; CD-Bedienteil 16 HE Nutzh\u00f6he unten\/vorne senkrecht<\/p>\n","protected":false},"featured_media":229091,"template":"","meta":{"_acf_changed":false},"product_brand":[],"product_cat":[13493,13510],"product_tag":[],"class_list":{"0":"post-53599","1":"product","2":"type-product","3":"status-publish","4":"has-post-thumbnail","6":"product_cat-dj-equipment-cases","7":"product_cat-racks","9":"first","10":"instock","11":"taxable","12":"shipping-taxable","13":"purchasable","14":"product-type-simple"},"acf":[],"_links":{"self":[{"href":"https:\/\/megacase.com\/de\/wp-json\/wp\/v2\/product\/53599","targetHints":{"allow":["GET"]}}],"collection":[{"href":"https:\/\/megacase.com\/de\/wp-json\/wp\/v2\/product"}],"about":[{"href":"https:\/\/megacase.com\/de\/wp-json\/wp\/v2\/types\/product"}],"wp:featuredmedia":[{"embeddable":true,"href":"https:\/\/megacase.com\/de\/wp-json\/wp\/v2\/media\/229091"}],"wp:attachment":[{"href":"https:\/\/megacase.com\/de\/wp-json\/wp\/v2\/media?parent=53599"}],"wp:term":[{"taxonomy":"product_brand","embeddable":true,"href":"https:\/\/megacase.com\/de\/wp-json\/wp\/v2\/product_brand?post=53599"},{"taxonomy":"product_cat","embeddable":true,"href":"https:\/\/megacase.com\/de\/wp-json\/wp\/v2\/product_cat?post=53599"},{"taxonomy":"product_tag","embeddable":true,"href":"https:\/\/megacase.com\/de\/wp-json\/wp\/v2\/product_tag?post=53599"}],"curies":[{"name":"wp","href":"https:\/\/api.w.org\/{rel}","templated":true}]}}