{"id":53597,"date":"2016-09-05T00:00:00","date_gmt":"2016-09-04T22:00:00","guid":{"rendered":"https:\/\/mcx.sunlab.eu\/product\/truhencase-fuer-fussscanner-mit-eckeinbaurollen\/"},"modified":"2026-03-25T15:09:55","modified_gmt":"2026-03-25T14:09:55","slug":"truhencase-fuer-fussscanner-mit-eckeinbaurollen","status":"publish","type":"product","link":"https:\/\/megacase.com\/de\/produkt\/truhencase-fuer-fussscanner-mit-eckeinbaurollen\/","title":{"rendered":"Truhencase f\u00fcr Fu\u00dfscanner  mit Eckeinbaurollen"},"content":{"rendered":"<p>Truhencase f\u00fcr Fu\u00dfscanner<br \/>\nTruhe  7mm Birke phenol<br \/>\n30\/30 Alukante<br \/>\n4x Butterfly mittel<br \/>\n2x Klappgriff<br \/>\n4x Kugelecke medium<br \/>\n4x Kugelecke mit integrierter L-Ecke medium<br \/>\nSchaumstoffpolsterung<br \/>\n2x Schaumstoffinlay<br \/>\n2x Eckeinbaurolle Skater<br \/>\nHergestellt in Deutschland<br \/>\nAu\u00dfenma\u00dfe: BxTxH 750x850x280 mm<br \/>\nGewicht: 16,4 kg<\/p>\n","protected":false},"excerpt":{"rendered":"<p>Truhencase f\u00fcr Fu\u00dfscanner Truhe 7mm Birke phenol 30\/30 Alukante 4x Butterfly mittel 2x Klappgriff 4x Kugelecke medium 4x Kugelecke mit<\/p>\n","protected":false},"featured_media":88631,"template":"","meta":{"_acf_changed":false},"product_brand":[],"product_cat":[13508],"product_tag":[],"class_list":{"0":"post-53597","1":"product","2":"type-product","3":"status-publish","4":"has-post-thumbnail","6":"product_cat-universal-flightcases","8":"first","9":"instock","10":"taxable","11":"shipping-taxable","12":"purchasable","13":"product-type-simple"},"acf":[],"_links":{"self":[{"href":"https:\/\/megacase.com\/de\/wp-json\/wp\/v2\/product\/53597","targetHints":{"allow":["GET"]}}],"collection":[{"href":"https:\/\/megacase.com\/de\/wp-json\/wp\/v2\/product"}],"about":[{"href":"https:\/\/megacase.com\/de\/wp-json\/wp\/v2\/types\/product"}],"wp:featuredmedia":[{"embeddable":true,"href":"https:\/\/megacase.com\/de\/wp-json\/wp\/v2\/media\/88631"}],"wp:attachment":[{"href":"https:\/\/megacase.com\/de\/wp-json\/wp\/v2\/media?parent=53597"}],"wp:term":[{"taxonomy":"product_brand","embeddable":true,"href":"https:\/\/megacase.com\/de\/wp-json\/wp\/v2\/product_brand?post=53597"},{"taxonomy":"product_cat","embeddable":true,"href":"https:\/\/megacase.com\/de\/wp-json\/wp\/v2\/product_cat?post=53597"},{"taxonomy":"product_tag","embeddable":true,"href":"https:\/\/megacase.com\/de\/wp-json\/wp\/v2\/product_tag?post=53597"}],"curies":[{"name":"wp","href":"https:\/\/api.w.org\/{rel}","templated":true}]}}