{"id":53595,"date":"2016-09-01T00:00:00","date_gmt":"2016-08-31T22:00:00","guid":{"rendered":"https:\/\/mcx.sunlab.eu\/product\/profi-single-door-case-auf-rollen-fuer-led-bandentechnik\/"},"modified":"2026-03-25T15:09:56","modified_gmt":"2026-03-25T14:09:56","slug":"profi-single-door-case-auf-rollen-fuer-led-bandentechnik","status":"publish","type":"product","link":"https:\/\/megacase.com\/de\/produkt\/profi-single-door-case-auf-rollen-fuer-led-bandentechnik\/","title":{"rendered":"Profi Single Door Case auf Rollen f\u00fcr LED Bandentechnik"},"content":{"rendered":"<p>Profi Single Door Case auf Rollen (2x gebremst) mit Fachunterteilung f\u00fcr einen Monitor, Rechner, inkl. Zubeh\u00f6r, unter den Monitor ein montierter<br \/>\nAuszug f\u00fcr Tastatur und Maus, alle Fachbodetr\u00e4ger haben hinten einen Kabeldurchlass zum Verkabeln der einzelnen Komponenten;<br \/>\n9mm Birkenmultiplex,<br \/>\n30 x 30mm Alukante,<br \/>\n4 gefederte Butterfly-Verschl\u00fc\u00dfe,<br \/>\n4 Klappgriffe, 8 Stahlkugelecken,<br \/>\nhergestellt in Deutschland<br \/>\nAu\u00dfenma\u00dfe: 780x710x1205 mm<br \/>\nGewicht: 61,3 kg<\/p>\n","protected":false},"excerpt":{"rendered":"<p>Profi Single Door Case auf Rollen (2x gebremst) mit Fachunterteilung f\u00fcr einen Monitor, Rechner, inkl. Zubeh\u00f6r, unter den Monitor ein<\/p>\n","protected":false},"featured_media":88571,"template":"","meta":{"_acf_changed":false},"product_brand":[],"product_cat":[13508],"product_tag":[],"class_list":{"0":"post-53595","1":"product","2":"type-product","3":"status-publish","4":"has-post-thumbnail","6":"product_cat-universal-flightcases","8":"first","9":"instock","10":"taxable","11":"shipping-taxable","12":"purchasable","13":"product-type-simple"},"acf":[],"_links":{"self":[{"href":"https:\/\/megacase.com\/de\/wp-json\/wp\/v2\/product\/53595","targetHints":{"allow":["GET"]}}],"collection":[{"href":"https:\/\/megacase.com\/de\/wp-json\/wp\/v2\/product"}],"about":[{"href":"https:\/\/megacase.com\/de\/wp-json\/wp\/v2\/types\/product"}],"wp:featuredmedia":[{"embeddable":true,"href":"https:\/\/megacase.com\/de\/wp-json\/wp\/v2\/media\/88571"}],"wp:attachment":[{"href":"https:\/\/megacase.com\/de\/wp-json\/wp\/v2\/media?parent=53595"}],"wp:term":[{"taxonomy":"product_brand","embeddable":true,"href":"https:\/\/megacase.com\/de\/wp-json\/wp\/v2\/product_brand?post=53595"},{"taxonomy":"product_cat","embeddable":true,"href":"https:\/\/megacase.com\/de\/wp-json\/wp\/v2\/product_cat?post=53595"},{"taxonomy":"product_tag","embeddable":true,"href":"https:\/\/megacase.com\/de\/wp-json\/wp\/v2\/product_tag?post=53595"}],"curies":[{"name":"wp","href":"https:\/\/api.w.org\/{rel}","templated":true}]}}