{"id":53559,"date":"2016-07-18T00:00:00","date_gmt":"2016-07-17T22:00:00","guid":{"rendered":"https:\/\/mcx.sunlab.eu\/product\/single-door-winkel-case-fuer-3-kuehlschraenke-1x-19-einheit\/"},"modified":"2026-03-25T15:10:06","modified_gmt":"2026-03-25T14:10:06","slug":"single-door-winkel-case-fuer-3-kuehlschraenke-1x-19-einheit","status":"publish","type":"product","link":"https:\/\/megacase.com\/de\/produkt\/single-door-winkel-case-fuer-3-kuehlschraenke-1x-19-einheit\/","title":{"rendered":"Single Door Winkel Case f\u00fcr 3 K\u00fchlschr\u00e4nke 1x 19&#8243; Einheit"},"content":{"rendered":"<p>Single Door Winkel Case f\u00fcr 3 K\u00fchlschr\u00e4nke 1x 19&#8243; Einheit<br \/>\nAussenma\u00dfe 2000 x 650 x 1150 mm BxTxH  Ablage oben 250mm   Arbeitsplatte 18mm Birkenmultiplex schwarz lackiert<br \/>\nSingle Door Winkel Case<br \/>\n9mm Birke schwarz RAL 9004<br \/>\n30\/30 Alukante<br \/>\n8x Butterfly mittel<br \/>\n4x Klappgriff<br \/>\n8x Kugelecke medium<br \/>\n6x Lenkrolle (3xgebremst)<br \/>\nInnenausbau<br \/>\nAu\u00dfenma\u00dfe: BxTxH 2010x660x1165mm<br \/>\nGewicht: 80 kg<br \/>\nHergestellt in Deutschland<\/p>\n","protected":false},"excerpt":{"rendered":"<p>Single Door Winkel Case f\u00fcr 3 K\u00fchlschr\u00e4nke 1x 19&#8243; Einheit Aussenma\u00dfe 2000 x 650 x 1150 mm BxTxH Ablage oben<\/p>\n","protected":false},"featured_media":87869,"template":"","meta":{"_acf_changed":false},"product_brand":[],"product_cat":[13508],"product_tag":[],"class_list":{"0":"post-53559","1":"product","2":"type-product","3":"status-publish","4":"has-post-thumbnail","6":"product_cat-universal-flightcases","8":"first","9":"instock","10":"taxable","11":"shipping-taxable","12":"purchasable","13":"product-type-simple"},"acf":[],"_links":{"self":[{"href":"https:\/\/megacase.com\/de\/wp-json\/wp\/v2\/product\/53559","targetHints":{"allow":["GET"]}}],"collection":[{"href":"https:\/\/megacase.com\/de\/wp-json\/wp\/v2\/product"}],"about":[{"href":"https:\/\/megacase.com\/de\/wp-json\/wp\/v2\/types\/product"}],"wp:featuredmedia":[{"embeddable":true,"href":"https:\/\/megacase.com\/de\/wp-json\/wp\/v2\/media\/87869"}],"wp:attachment":[{"href":"https:\/\/megacase.com\/de\/wp-json\/wp\/v2\/media?parent=53559"}],"wp:term":[{"taxonomy":"product_brand","embeddable":true,"href":"https:\/\/megacase.com\/de\/wp-json\/wp\/v2\/product_brand?post=53559"},{"taxonomy":"product_cat","embeddable":true,"href":"https:\/\/megacase.com\/de\/wp-json\/wp\/v2\/product_cat?post=53559"},{"taxonomy":"product_tag","embeddable":true,"href":"https:\/\/megacase.com\/de\/wp-json\/wp\/v2\/product_tag?post=53559"}],"curies":[{"name":"wp","href":"https:\/\/api.w.org\/{rel}","templated":true}]}}