{"id":53551,"date":"2016-07-13T00:00:00","date_gmt":"2016-07-12T22:00:00","guid":{"rendered":"https:\/\/mcx.sunlab.eu\/product\/zubehoercase-60x30x30\/"},"modified":"2026-03-25T15:13:03","modified_gmt":"2026-03-25T14:13:03","slug":"zubehoercase-60x30x30","status":"publish","type":"product","link":"https:\/\/megacase.com\/de\/produkt\/zubehoercase-60x30x30\/","title":{"rendered":"Zubeh\u00f6rcase 60x30x30"},"content":{"rendered":"<p>Kein Kabelsalat mehr und keine losen Einzelteile.<br \/>\nBringen Sie Ordnung in Ihre Kabel, Werkzeug und Zubeh\u00f6r durch optional erh\u00e4ltliche Rasterschienen und Trennbrettern.<br \/>\n6,5 mm Birkenmultiplex<br \/>\nFarbe Phenolharz beschichtet braun<br \/>\n30x30mm Alukante,<br \/>\n2 gefederte Butterfly Verschl\u00fcsse<br \/>\n2 Klappgriffe<br \/>\n4 Stahlkugelecken<br \/>\n4 Stahlkugelecken stapelbar unten<br \/>\nFeststellscharniere.<br \/>\nFalls Sie Ihren R\u00fccken schonen wollen, entscheiden Sie sich f\u00fcr die Variante mit Lenkrollen. Mit zwei gebremsten und zwei ungebremsten &#8222;Blue Wheels&#8220; erleichtern sie das<br \/>\nHandling sp\u00fcrbar. Nie wieder schwere &#8222;Kisten&#8220; schleppen und \u00fcber die B\u00fchne zerren. Jede Truhe von Megacase ist garantiert &#8222;Made in Germany&#8220;.<\/p>\n<p>Ein optionales Trennwandset ist unter Artikelnummer <a href=\"https:\/\/megacase.com\/de\/produkt\/trennwandset-30x30\/\">251847<\/a> erh\u00e4ltlich.<br \/>\nAu\u00dfenma\u00df 64x34x34cm<br \/>\nGewicht 7,8kg<\/p>\n","protected":false},"excerpt":{"rendered":"<p>Kein Kabelsalat mehr und keine losen Einzelteile. Bringen Sie Ordnung in Ihre Kabel, Werkzeug und Zubeh\u00f6r durch optional erh\u00e4ltliche Rasterschienen<\/p>\n","protected":false},"featured_media":216507,"template":"","meta":{"_acf_changed":false},"product_brand":[],"product_cat":[13509],"product_tag":[],"class_list":{"0":"post-53551","1":"product","2":"type-product","3":"status-publish","4":"has-post-thumbnail","6":"product_cat-truhen-cases","8":"first","9":"instock","10":"taxable","11":"shipping-taxable","12":"purchasable","13":"product-type-simple"},"acf":[],"_links":{"self":[{"href":"https:\/\/megacase.com\/de\/wp-json\/wp\/v2\/product\/53551","targetHints":{"allow":["GET"]}}],"collection":[{"href":"https:\/\/megacase.com\/de\/wp-json\/wp\/v2\/product"}],"about":[{"href":"https:\/\/megacase.com\/de\/wp-json\/wp\/v2\/types\/product"}],"wp:featuredmedia":[{"embeddable":true,"href":"https:\/\/megacase.com\/de\/wp-json\/wp\/v2\/media\/216507"}],"wp:attachment":[{"href":"https:\/\/megacase.com\/de\/wp-json\/wp\/v2\/media?parent=53551"}],"wp:term":[{"taxonomy":"product_brand","embeddable":true,"href":"https:\/\/megacase.com\/de\/wp-json\/wp\/v2\/product_brand?post=53551"},{"taxonomy":"product_cat","embeddable":true,"href":"https:\/\/megacase.com\/de\/wp-json\/wp\/v2\/product_cat?post=53551"},{"taxonomy":"product_tag","embeddable":true,"href":"https:\/\/megacase.com\/de\/wp-json\/wp\/v2\/product_tag?post=53551"}],"curies":[{"name":"wp","href":"https:\/\/api.w.org\/{rel}","templated":true}]}}