{"id":53530,"date":"2016-06-10T00:00:00","date_gmt":"2016-06-09T22:00:00","guid":{"rendered":"https:\/\/mcx.sunlab.eu\/product\/double-door-amp-case-fuer-marshall-jvm-215-2-he-rackspace-darueber-mittig\/"},"modified":"2026-03-25T15:06:50","modified_gmt":"2026-03-25T14:06:50","slug":"double-door-amp-case-fuer-marshall-jvm-215-2-he-rackspace-darueber-mittig","status":"publish","type":"product","link":"https:\/\/megacase.com\/de\/produkt\/double-door-amp-case-fuer-marshall-jvm-215-2-he-rackspace-darueber-mittig\/","title":{"rendered":"Double Door Amp Case f\u00fcr Marshall JVM 215 + 2 HE Rackspace dar\u00fcber mittig"},"content":{"rendered":"<p>Double Door Amp Case f\u00fcr Marshall JVM 215 + 2 HE Rackspace dar\u00fcber mittig  geteilter Deckel vorne  Deckelteil oben ben\u00f6tigt<br \/>\n27cm H\u00f6he f\u00fcr gr\u00f6\u00dftes Pedal<br \/>\n4x Gummifu\u00df flach f\u00fcr Effektabteil<br \/>\nKorpustiefe 40cm<br \/>\n7mm Birke<br \/>\n30\/30 Alukante<br \/>\n9x Butterfly mittel<br \/>\n2x Klappgriff<br \/>\n8x Stahlecken flach  2<br \/>\n0mm Schaumstoffpolsterung<br \/>\nRackschiene<br \/>\n4x Lenkrolle (2xgebremst)<br \/>\n2x Overlatch Verschluss gro\u00df<br \/>\n2x Aufnahme Overlatch Verschluss gro\u00df<br \/>\nInnenausbau<br \/>\nH\u00f6he bei abgenommenem Rollbrett < 70cm   \nAu\u00dfenma\u00dfe:673x553x835 mm  \nGewicht: 31,1 kg  \nHergestelllt in Deutschland\n<\/p>\n","protected":false},"excerpt":{"rendered":"<p>Double Door Amp Case f\u00fcr Marshall JVM 215 + 2 HE Rackspace dar\u00fcber mittig geteilter Deckel vorne Deckelteil oben ben\u00f6tigt<\/p>\n","protected":false},"featured_media":87469,"template":"","meta":{"_acf_changed":false},"product_brand":[],"product_cat":[13499],"product_tag":[],"class_list":{"0":"post-53530","1":"product","2":"type-product","3":"status-publish","4":"has-post-thumbnail","6":"product_cat-amp-cases","8":"first","9":"instock","10":"taxable","11":"shipping-taxable","12":"purchasable","13":"product-type-simple"},"acf":[],"_links":{"self":[{"href":"https:\/\/megacase.com\/de\/wp-json\/wp\/v2\/product\/53530","targetHints":{"allow":["GET"]}}],"collection":[{"href":"https:\/\/megacase.com\/de\/wp-json\/wp\/v2\/product"}],"about":[{"href":"https:\/\/megacase.com\/de\/wp-json\/wp\/v2\/types\/product"}],"wp:featuredmedia":[{"embeddable":true,"href":"https:\/\/megacase.com\/de\/wp-json\/wp\/v2\/media\/87469"}],"wp:attachment":[{"href":"https:\/\/megacase.com\/de\/wp-json\/wp\/v2\/media?parent=53530"}],"wp:term":[{"taxonomy":"product_brand","embeddable":true,"href":"https:\/\/megacase.com\/de\/wp-json\/wp\/v2\/product_brand?post=53530"},{"taxonomy":"product_cat","embeddable":true,"href":"https:\/\/megacase.com\/de\/wp-json\/wp\/v2\/product_cat?post=53530"},{"taxonomy":"product_tag","embeddable":true,"href":"https:\/\/megacase.com\/de\/wp-json\/wp\/v2\/product_tag?post=53530"}],"curies":[{"name":"wp","href":"https:\/\/api.w.org\/{rel}","templated":true}]}}