{"id":53525,"date":"2016-06-07T00:00:00","date_gmt":"2016-06-06T22:00:00","guid":{"rendered":"https:\/\/mcx.sunlab.eu\/product\/5he-rackkoffer-einbautiefe-100mm-deckelhoehe-80mm\/"},"modified":"2026-03-25T15:06:51","modified_gmt":"2026-03-25T14:06:51","slug":"5he-rackkoffer-einbautiefe-100mm-deckelhoehe-80mm","status":"publish","type":"product","link":"https:\/\/megacase.com\/de\/produkt\/5he-rackkoffer-einbautiefe-100mm-deckelhoehe-80mm\/","title":{"rendered":"5HE Rackkoffer Einbautiefe 100mm Deckelh\u00f6he 80mm"},"content":{"rendered":"<p>19&#8243; 5HE Rackkoffer f\u00fcr ein Soundcraft UI 16 und einer 19&#8243; Steckdosenleiste, Einbautiefe ab Rackschiene 100mm,   Deckelh\u00f6he 80 mm,<br \/>\n7mm Birkenmultiplex,<br \/>\n25 x 25 Alukante,<br \/>\nRackschienen,<br \/>\n4 Gummif\u00fc\u00dfe<br \/>\n2 gefederte Butterfly-Verschl\u00fc\u00dfe,<br \/>\n1 Klappgriff,<br \/>\nStahlkugelecken,<br \/>\nhergestellt in Deutschland<\/p>\n","protected":false},"excerpt":{"rendered":"<p>19&#8243; 5HE Rackkoffer f\u00fcr ein Soundcraft UI 16 und einer 19&#8243; Steckdosenleiste, Einbautiefe ab Rackschiene 100mm, Deckelh\u00f6he 80 mm, 7mm<\/p>\n","protected":false},"featured_media":35433,"template":"","meta":{"_acf_changed":false},"product_brand":[],"product_cat":[13510],"product_tag":[],"class_list":{"0":"post-53525","1":"product","2":"type-product","3":"status-publish","4":"has-post-thumbnail","6":"product_cat-racks","8":"first","9":"instock","10":"taxable","11":"shipping-taxable","12":"purchasable","13":"product-type-simple"},"acf":[],"_links":{"self":[{"href":"https:\/\/megacase.com\/de\/wp-json\/wp\/v2\/product\/53525","targetHints":{"allow":["GET"]}}],"collection":[{"href":"https:\/\/megacase.com\/de\/wp-json\/wp\/v2\/product"}],"about":[{"href":"https:\/\/megacase.com\/de\/wp-json\/wp\/v2\/types\/product"}],"wp:featuredmedia":[{"embeddable":true,"href":"https:\/\/megacase.com\/de\/wp-json\/wp\/v2\/media\/35433"}],"wp:attachment":[{"href":"https:\/\/megacase.com\/de\/wp-json\/wp\/v2\/media?parent=53525"}],"wp:term":[{"taxonomy":"product_brand","embeddable":true,"href":"https:\/\/megacase.com\/de\/wp-json\/wp\/v2\/product_brand?post=53525"},{"taxonomy":"product_cat","embeddable":true,"href":"https:\/\/megacase.com\/de\/wp-json\/wp\/v2\/product_cat?post=53525"},{"taxonomy":"product_tag","embeddable":true,"href":"https:\/\/megacase.com\/de\/wp-json\/wp\/v2\/product_tag?post=53525"}],"curies":[{"name":"wp","href":"https:\/\/api.w.org\/{rel}","templated":true}]}}