{"id":53518,"date":"2016-06-01T00:00:00","date_gmt":"2016-05-31T22:00:00","guid":{"rendered":"https:\/\/mcx.sunlab.eu\/product\/triple-door-rack-schwarz-auf-rollen-fuer-mediengeraete\/"},"modified":"2026-03-25T15:06:53","modified_gmt":"2026-03-25T14:06:53","slug":"triple-door-rack-schwarz-auf-rollen-fuer-mediengeraete","status":"publish","type":"product","link":"https:\/\/megacase.com\/de\/produkt\/triple-door-rack-schwarz-auf-rollen-fuer-mediengeraete\/","title":{"rendered":"Triple Door Rack schwarz auf Rollen f\u00fcr Medienger\u00e4te"},"content":{"rendered":"<p>Triple Door Rack in schwarz auf 80mm Lenkrollen  mit einem Innenausbau lt. Zeichnung f\u00fcr Medienger\u00e4te;<br \/>\n7mm Birkenmultiplex,<br \/>\n30 x 30mm Alukante,<br \/>\nServiceklappe,<br \/>\n10 gefederte Butterfly-Verschl\u00fc\u00dfe,<br \/>\n4 Klappgriffe,<br \/>\n8 Stahlkugelecken,<br \/>\nhergestellt in Deutschland<br \/>\nAu\u00dfenma\u00dfe: BxTxH 555x625x860 mm<br \/>\nGewicht: 33,3 kg<\/p>\n","protected":false},"excerpt":{"rendered":"<p>Triple Door Rack in schwarz auf 80mm Lenkrollen mit einem Innenausbau lt. Zeichnung f\u00fcr Medienger\u00e4te; 7mm Birkenmultiplex, 30 x 30mm<\/p>\n","protected":false},"featured_media":24024,"template":"","meta":{"_acf_changed":false},"product_brand":[],"product_cat":[13494],"product_tag":[],"class_list":{"0":"post-53518","1":"product","2":"type-product","3":"status-publish","4":"has-post-thumbnail","6":"product_cat-custom-cases","8":"first","9":"instock","10":"taxable","11":"shipping-taxable","12":"purchasable","13":"product-type-simple"},"acf":[],"_links":{"self":[{"href":"https:\/\/megacase.com\/de\/wp-json\/wp\/v2\/product\/53518","targetHints":{"allow":["GET"]}}],"collection":[{"href":"https:\/\/megacase.com\/de\/wp-json\/wp\/v2\/product"}],"about":[{"href":"https:\/\/megacase.com\/de\/wp-json\/wp\/v2\/types\/product"}],"wp:featuredmedia":[{"embeddable":true,"href":"https:\/\/megacase.com\/de\/wp-json\/wp\/v2\/media\/24024"}],"wp:attachment":[{"href":"https:\/\/megacase.com\/de\/wp-json\/wp\/v2\/media?parent=53518"}],"wp:term":[{"taxonomy":"product_brand","embeddable":true,"href":"https:\/\/megacase.com\/de\/wp-json\/wp\/v2\/product_brand?post=53518"},{"taxonomy":"product_cat","embeddable":true,"href":"https:\/\/megacase.com\/de\/wp-json\/wp\/v2\/product_cat?post=53518"},{"taxonomy":"product_tag","embeddable":true,"href":"https:\/\/megacase.com\/de\/wp-json\/wp\/v2\/product_tag?post=53518"}],"curies":[{"name":"wp","href":"https:\/\/api.w.org\/{rel}","templated":true}]}}