{"id":53516,"date":"2016-05-27T00:00:00","date_gmt":"2016-05-26T22:00:00","guid":{"rendered":"https:\/\/mcx.sunlab.eu\/product\/9he-live-studio-rack\/"},"modified":"2026-03-25T15:06:53","modified_gmt":"2026-03-25T14:06:53","slug":"9he-live-studio-rack","status":"publish","type":"product","link":"https:\/\/megacase.com\/de\/produkt\/9he-live-studio-rack\/","title":{"rendered":"9HE Live Studio Rack"},"content":{"rendered":"<p>Au\u00dfentiefe \u00fcber Hutprofil 66cm<br \/>\n7mm Birkenmultiplex phenol<br \/>\n25x25mm Aluprofil<br \/>\n7mm Hutprofil<br \/>\n4x Gummif\u00fc\u00dfe vorne und hinten<br \/>\nstufenlose Rackschiene RAZ 2<br \/>\nincl. Befestigungsmaterial<\/p>\n","protected":false},"excerpt":{"rendered":"<p>Au\u00dfentiefe \u00fcber Hutprofil 66cm 7mm Birkenmultiplex phenol 25x25mm Aluprofil 7mm Hutprofil 4x Gummif\u00fc\u00dfe vorne und hinten stufenlose Rackschiene RAZ 2<\/p>\n","protected":false},"featured_media":35466,"template":"","meta":{"_acf_changed":false},"product_brand":[],"product_cat":[13510],"product_tag":[14653],"class_list":{"0":"post-53516","1":"product","2":"type-product","3":"status-publish","4":"has-post-thumbnail","6":"product_cat-racks","7":"product_tag-studiorack","9":"first","10":"instock","11":"taxable","12":"shipping-taxable","13":"purchasable","14":"product-type-simple"},"acf":[],"_links":{"self":[{"href":"https:\/\/megacase.com\/de\/wp-json\/wp\/v2\/product\/53516","targetHints":{"allow":["GET"]}}],"collection":[{"href":"https:\/\/megacase.com\/de\/wp-json\/wp\/v2\/product"}],"about":[{"href":"https:\/\/megacase.com\/de\/wp-json\/wp\/v2\/types\/product"}],"wp:featuredmedia":[{"embeddable":true,"href":"https:\/\/megacase.com\/de\/wp-json\/wp\/v2\/media\/35466"}],"wp:attachment":[{"href":"https:\/\/megacase.com\/de\/wp-json\/wp\/v2\/media?parent=53516"}],"wp:term":[{"taxonomy":"product_brand","embeddable":true,"href":"https:\/\/megacase.com\/de\/wp-json\/wp\/v2\/product_brand?post=53516"},{"taxonomy":"product_cat","embeddable":true,"href":"https:\/\/megacase.com\/de\/wp-json\/wp\/v2\/product_cat?post=53516"},{"taxonomy":"product_tag","embeddable":true,"href":"https:\/\/megacase.com\/de\/wp-json\/wp\/v2\/product_tag?post=53516"}],"curies":[{"name":"wp","href":"https:\/\/api.w.org\/{rel}","templated":true}]}}