{"id":53502,"date":"2016-05-06T00:00:00","date_gmt":"2016-05-05T22:00:00","guid":{"rendered":"https:\/\/mcx.sunlab.eu\/product\/kopfteil-fuer-bett-im-casedesign-aussenmasse-1900-x-150-x-1200-mm-bxtxh\/"},"modified":"2026-03-25T15:06:56","modified_gmt":"2026-03-25T14:06:56","slug":"kopfteil-fuer-bett-im-casedesign-aussenmasse-1900-x-150-x-1200-mm-bxtxh","status":"publish","type":"product","link":"https:\/\/megacase.com\/de\/produkt\/kopfteil-fuer-bett-im-casedesign-aussenmasse-1900-x-150-x-1200-mm-bxtxh\/","title":{"rendered":"Kopfteil f\u00fcr Bett im Casedesign Aussenma\u00dfe 1900 x 150 x 1200 mm BxTxH"},"content":{"rendered":"<p>Flightcase f\u00fcr Kopfteil Aussenma\u00dfe 1900 x 150 x 1200 mm BxTxH  vorne geschlossen hinten offen mit R\u00fcckwund<br \/>\n9mm Birke phenol<br \/>\n30\/30 Alukante<br \/>\n9mm Hutprofilabschluss hinten<br \/>\n2 vertikale Verseifungsstreben<br \/>\nhergestellt in Deutschland<br \/>\nAu\u00dfenma\u00dfe: BxTxH 1875x1175x127 mm<br \/>\nGewicht: ca.40 kg<\/p>\n","protected":false},"excerpt":{"rendered":"<p>Flightcase f\u00fcr Kopfteil Aussenma\u00dfe 1900 x 150 x 1200 mm BxTxH vorne geschlossen hinten offen mit R\u00fcckwund 9mm Birke phenol<\/p>\n","protected":false},"featured_media":87097,"template":"","meta":{"_acf_changed":false},"product_brand":[],"product_cat":[13508],"product_tag":[],"class_list":{"0":"post-53502","1":"product","2":"type-product","3":"status-publish","4":"has-post-thumbnail","6":"product_cat-universal-flightcases","8":"first","9":"instock","10":"taxable","11":"shipping-taxable","12":"purchasable","13":"product-type-simple"},"acf":[],"_links":{"self":[{"href":"https:\/\/megacase.com\/de\/wp-json\/wp\/v2\/product\/53502","targetHints":{"allow":["GET"]}}],"collection":[{"href":"https:\/\/megacase.com\/de\/wp-json\/wp\/v2\/product"}],"about":[{"href":"https:\/\/megacase.com\/de\/wp-json\/wp\/v2\/types\/product"}],"wp:featuredmedia":[{"embeddable":true,"href":"https:\/\/megacase.com\/de\/wp-json\/wp\/v2\/media\/87097"}],"wp:attachment":[{"href":"https:\/\/megacase.com\/de\/wp-json\/wp\/v2\/media?parent=53502"}],"wp:term":[{"taxonomy":"product_brand","embeddable":true,"href":"https:\/\/megacase.com\/de\/wp-json\/wp\/v2\/product_brand?post=53502"},{"taxonomy":"product_cat","embeddable":true,"href":"https:\/\/megacase.com\/de\/wp-json\/wp\/v2\/product_cat?post=53502"},{"taxonomy":"product_tag","embeddable":true,"href":"https:\/\/megacase.com\/de\/wp-json\/wp\/v2\/product_tag?post=53502"}],"curies":[{"name":"wp","href":"https:\/\/api.w.org\/{rel}","templated":true}]}}