{"id":53501,"date":"2016-05-04T00:00:00","date_gmt":"2016-05-03T22:00:00","guid":{"rendered":"https:\/\/mcx.sunlab.eu\/product\/2he-eco-19-rack-32\/"},"modified":"2026-03-25T15:06:56","modified_gmt":"2026-03-25T14:06:56","slug":"2he-eco-19-rack-32","status":"publish","type":"product","link":"https:\/\/megacase.com\/de\/produkt\/2he-eco-19-rack-32\/","title":{"rendered":"2HE Eco 19&#8243; Rack 32"},"content":{"rendered":"<p>32cm Einbautiefe  7 mm Birkenmultiplex phenol<br \/>\n22&#215;22 \/ 25x25mm Alukante<br \/>\n4 x Schnappschl\u00f6sser,<br \/>\n1 x Koffergriff<br \/>\n4 x Gummif\u00fc\u00dfe 38 x 20<br \/>\n8 Stahlkugelecken klein<br \/>\nstufenlose Rackschiene,<br \/>\nSchraubensatz<\/p>\n","protected":false},"excerpt":{"rendered":"<p>32cm Einbautiefe 7 mm Birkenmultiplex phenol 22&#215;22 \/ 25x25mm Alukante 4 x Schnappschl\u00f6sser, 1 x Koffergriff 4 x Gummif\u00fc\u00dfe 38<\/p>\n","protected":false},"featured_media":24065,"template":"","meta":{"_acf_changed":false},"product_brand":[],"product_cat":[13510],"product_tag":[],"class_list":{"0":"post-53501","1":"product","2":"type-product","3":"status-publish","4":"has-post-thumbnail","6":"product_cat-racks","8":"first","9":"instock","10":"taxable","11":"shipping-taxable","12":"purchasable","13":"product-type-simple"},"acf":[],"_links":{"self":[{"href":"https:\/\/megacase.com\/de\/wp-json\/wp\/v2\/product\/53501","targetHints":{"allow":["GET"]}}],"collection":[{"href":"https:\/\/megacase.com\/de\/wp-json\/wp\/v2\/product"}],"about":[{"href":"https:\/\/megacase.com\/de\/wp-json\/wp\/v2\/types\/product"}],"wp:featuredmedia":[{"embeddable":true,"href":"https:\/\/megacase.com\/de\/wp-json\/wp\/v2\/media\/24065"}],"wp:attachment":[{"href":"https:\/\/megacase.com\/de\/wp-json\/wp\/v2\/media?parent=53501"}],"wp:term":[{"taxonomy":"product_brand","embeddable":true,"href":"https:\/\/megacase.com\/de\/wp-json\/wp\/v2\/product_brand?post=53501"},{"taxonomy":"product_cat","embeddable":true,"href":"https:\/\/megacase.com\/de\/wp-json\/wp\/v2\/product_cat?post=53501"},{"taxonomy":"product_tag","embeddable":true,"href":"https:\/\/megacase.com\/de\/wp-json\/wp\/v2\/product_tag?post=53501"}],"curies":[{"name":"wp","href":"https:\/\/api.w.org\/{rel}","templated":true}]}}