{"id":53500,"date":"2016-05-02T00:00:00","date_gmt":"2016-05-01T22:00:00","guid":{"rendered":"https:\/\/mcx.sunlab.eu\/product\/transportcase-fuer-apple-imac-27-computer-pvc-blau-trolley\/"},"modified":"2026-03-25T15:06:57","modified_gmt":"2026-03-25T14:06:57","slug":"transportcase-fuer-apple-imac-27-computer-pvc-blau-trolley","status":"publish","type":"product","link":"https:\/\/megacase.com\/de\/produkt\/transportcase-fuer-apple-imac-27-computer-pvc-blau-trolley\/","title":{"rendered":"Transportcase f\u00fcr Apple iMac 27&#8243; Computer PVC Blau Trolley"},"content":{"rendered":"<p>ma\u00dfgefertigtes Transportcase f\u00fcr Apple iMac 27&#8243; Computer (ab Modell 2012)  inkl. F\u00e4cher f\u00fcr Zubeh\u00f6r wie Tastatur, Maus etc<br \/>\naus 7mm Wabenkunststoff blau  mit montierten Aufbau Trolleygriff LT-3076<br \/>\nEckeinbaurollen LT-3066<br \/>\n25 x 25mm Alukante<br \/>\nSchaumstoffpolsterung<br \/>\n2 x gefederte Butterfly-Verschl\u00fcsse medium<br \/>\n3 x Klappgriff<br \/>\nStahlkugelecken<br \/>\nInnenausbau<br \/>\nSchaumstoff<br \/>\nMarkenqualit\u00e4t aus Deutschland<br \/>\nAu\u00dfenma\u00dfe: BxTxH 730x275x605 mm<br \/>\nGewicht:12,4kg<\/p>\n","protected":false},"excerpt":{"rendered":"<p>ma\u00dfgefertigtes Transportcase f\u00fcr Apple iMac 27&#8243; Computer (ab Modell 2012) inkl. F\u00e4cher f\u00fcr Zubeh\u00f6r wie Tastatur, Maus etc aus 7mm<\/p>\n","protected":false},"featured_media":87061,"template":"","meta":{"_acf_changed":false},"product_brand":[],"product_cat":[13502],"product_tag":[14243],"class_list":{"0":"post-53500","1":"product","2":"type-product","3":"status-publish","4":"has-post-thumbnail","6":"product_cat-apple-cases","7":"product_tag-apple","9":"first","10":"instock","11":"taxable","12":"shipping-taxable","13":"purchasable","14":"product-type-simple"},"acf":[],"_links":{"self":[{"href":"https:\/\/megacase.com\/de\/wp-json\/wp\/v2\/product\/53500","targetHints":{"allow":["GET"]}}],"collection":[{"href":"https:\/\/megacase.com\/de\/wp-json\/wp\/v2\/product"}],"about":[{"href":"https:\/\/megacase.com\/de\/wp-json\/wp\/v2\/types\/product"}],"wp:featuredmedia":[{"embeddable":true,"href":"https:\/\/megacase.com\/de\/wp-json\/wp\/v2\/media\/87061"}],"wp:attachment":[{"href":"https:\/\/megacase.com\/de\/wp-json\/wp\/v2\/media?parent=53500"}],"wp:term":[{"taxonomy":"product_brand","embeddable":true,"href":"https:\/\/megacase.com\/de\/wp-json\/wp\/v2\/product_brand?post=53500"},{"taxonomy":"product_cat","embeddable":true,"href":"https:\/\/megacase.com\/de\/wp-json\/wp\/v2\/product_cat?post=53500"},{"taxonomy":"product_tag","embeddable":true,"href":"https:\/\/megacase.com\/de\/wp-json\/wp\/v2\/product_tag?post=53500"}],"curies":[{"name":"wp","href":"https:\/\/api.w.org\/{rel}","templated":true}]}}