{"id":53495,"date":"2016-04-28T00:00:00","date_gmt":"2016-04-27T22:00:00","guid":{"rendered":"https:\/\/mcx.sunlab.eu\/product\/truhencase-ohne-deckel-weiss-40x40x100-lxbxh\/"},"modified":"2026-03-25T15:06:58","modified_gmt":"2026-03-25T14:06:58","slug":"truhencase-ohne-deckel-weiss-40x40x100-lxbxh","status":"publish","type":"product","link":"https:\/\/megacase.com\/de\/produkt\/truhencase-ohne-deckel-weiss-40x40x100-lxbxh\/","title":{"rendered":"Truhencase ohne Deckel wei\u00df 40x40x100 LxBxH"},"content":{"rendered":"<p>mit U-Profi AH 6200   7mm Birkenmultiplex wei\u00df beschichtet Ral 9003<br \/>\n30x30mm Alukante,<br \/>\nStahlkugelecken,<br \/>\n4x Gummif\u00fc\u00dfe,<br \/>\nhergestellt in Deutschland<\/p>\n","protected":false},"excerpt":{"rendered":"<p>mit U-Profi AH 6200 7mm Birkenmultiplex wei\u00df beschichtet Ral 9003 30x30mm Alukante, Stahlkugelecken, 4x Gummif\u00fc\u00dfe, hergestellt in Deutschland<\/p>\n","protected":false},"featured_media":24083,"template":"","meta":{"_acf_changed":false},"product_brand":[],"product_cat":[13494],"product_tag":[],"class_list":{"0":"post-53495","1":"product","2":"type-product","3":"status-publish","4":"has-post-thumbnail","6":"product_cat-custom-cases","8":"first","9":"instock","10":"taxable","11":"shipping-taxable","12":"purchasable","13":"product-type-simple"},"acf":[],"_links":{"self":[{"href":"https:\/\/megacase.com\/de\/wp-json\/wp\/v2\/product\/53495","targetHints":{"allow":["GET"]}}],"collection":[{"href":"https:\/\/megacase.com\/de\/wp-json\/wp\/v2\/product"}],"about":[{"href":"https:\/\/megacase.com\/de\/wp-json\/wp\/v2\/types\/product"}],"wp:featuredmedia":[{"embeddable":true,"href":"https:\/\/megacase.com\/de\/wp-json\/wp\/v2\/media\/24083"}],"wp:attachment":[{"href":"https:\/\/megacase.com\/de\/wp-json\/wp\/v2\/media?parent=53495"}],"wp:term":[{"taxonomy":"product_brand","embeddable":true,"href":"https:\/\/megacase.com\/de\/wp-json\/wp\/v2\/product_brand?post=53495"},{"taxonomy":"product_cat","embeddable":true,"href":"https:\/\/megacase.com\/de\/wp-json\/wp\/v2\/product_cat?post=53495"},{"taxonomy":"product_tag","embeddable":true,"href":"https:\/\/megacase.com\/de\/wp-json\/wp\/v2\/product_tag?post=53495"}],"curies":[{"name":"wp","href":"https:\/\/api.w.org\/{rel}","templated":true}]}}