{"id":53479,"date":"2016-04-11T00:00:00","date_gmt":"2016-04-10T22:00:00","guid":{"rendered":"https:\/\/mcx.sunlab.eu\/product\/garderobencase-schwarz-mit-geteilter-tuere-auf-rollen\/"},"modified":"2026-03-25T15:07:03","modified_gmt":"2026-03-25T14:07:03","slug":"garderobencase-schwarz-mit-geteilter-tuere-auf-rollen","status":"publish","type":"product","link":"https:\/\/megacase.com\/de\/produkt\/garderobencase-schwarz-mit-geteilter-tuere-auf-rollen\/","title":{"rendered":"Wardorbe Case 690x545x1735 + wheel"},"content":{"rendered":"<p>Garderoben Schrank mit vier Schubl\u00e4den und Kleiderstange<br \/>\nDurch Teleskopausz\u00fcge lassen sich die Schubladen komfortabel \u00f6ffnen und schlie\u00dfen.<br \/>\nAus 6,8 mm Birkenmultiplex Holz beschichtet<br \/>\nFarbe: Schwarz<br \/>\n30&#215;30 mm Alukante<br \/>\n2 Butterfly Verschl\u00fcsse mit \u00d6se,<br \/>\n10 Klappgriffe mittel<br \/>\n8 Stahlkugelecken mittel<br \/>\n4 Lenkrollen 100 mm davon sind 2 gebremst<br \/>\nSchaumstoffpolsterung<br \/>\nhergestellt in Deutschland<br \/>\nAu\u00dfenma\u00dfe: BxTxH 690x545x1735 mm<br \/>\nGewicht: 66 kg<\/p>\n","protected":false},"excerpt":{"rendered":"<p>Garderoben Schrank mit vier Schubl\u00e4den und Kleiderstange | Farbe: Schwarz | hergestellt in Deutschland<\/p>\n","protected":false},"featured_media":86641,"template":"","meta":{"_acf_changed":false},"product_brand":[],"product_cat":[15014],"product_tag":[],"class_list":{"0":"post-53479","1":"product","2":"type-product","3":"status-publish","4":"has-post-thumbnail","6":"product_cat-casemoebel","7":"product_shipping_class-palettenversand-2","9":"first","10":"instock","11":"taxable","12":"shipping-taxable","13":"purchasable","14":"product-type-simple"},"acf":[],"_links":{"self":[{"href":"https:\/\/megacase.com\/de\/wp-json\/wp\/v2\/product\/53479","targetHints":{"allow":["GET"]}}],"collection":[{"href":"https:\/\/megacase.com\/de\/wp-json\/wp\/v2\/product"}],"about":[{"href":"https:\/\/megacase.com\/de\/wp-json\/wp\/v2\/types\/product"}],"wp:featuredmedia":[{"embeddable":true,"href":"https:\/\/megacase.com\/de\/wp-json\/wp\/v2\/media\/86641"}],"wp:attachment":[{"href":"https:\/\/megacase.com\/de\/wp-json\/wp\/v2\/media?parent=53479"}],"wp:term":[{"taxonomy":"product_brand","embeddable":true,"href":"https:\/\/megacase.com\/de\/wp-json\/wp\/v2\/product_brand?post=53479"},{"taxonomy":"product_cat","embeddable":true,"href":"https:\/\/megacase.com\/de\/wp-json\/wp\/v2\/product_cat?post=53479"},{"taxonomy":"product_tag","embeddable":true,"href":"https:\/\/megacase.com\/de\/wp-json\/wp\/v2\/product_tag?post=53479"}],"curies":[{"name":"wp","href":"https:\/\/api.w.org\/{rel}","templated":true}]}}