{"id":53475,"date":"2016-04-05T00:00:00","date_gmt":"2016-04-04T22:00:00","guid":{"rendered":"https:\/\/mcx.sunlab.eu\/product\/allen-heath-zed-10fx-mischpult-flightcase-2\/"},"modified":"2026-03-25T15:07:04","modified_gmt":"2026-03-25T14:07:04","slug":"allen-heath-zed-10fx-mischpult-flightcase-2","status":"publish","type":"product","link":"https:\/\/megacase.com\/de\/produkt\/allen-heath-zed-10fx-mischpult-flightcase-2\/","title":{"rendered":"Allen &#038; Heath ZED 10FX Mischpult Flightcase"},"content":{"rendered":"<p>ma\u00dfgefertigtes Haubencase f\u00fcr A&#038;H ZED-10FX aus 7mm Birkenmultiplex schwarz beschichtet RAL 9004<br \/>\n25 x 25mm Alukante<br \/>\nSchaumstoffpolsterung<br \/>\n2 gefederte Butterfly-Verschl\u00fc\u00dfe medium<br \/>\n1 Riemengriff<br \/>\nStahlkugelecken<br \/>\nGummif\u00fc\u00dfe 10cm Platz hinter Mixer f\u00fcr Netzkabel<br \/>\nhergestellt in Deutschland<br \/>\nAu\u00dfenma\u00dfen ca. BxTxH 410 x 340 x 190mm<br \/>\nGewicht ca. 4,8 kg Abbildung \u00e4hnlich<\/p>\n","protected":false},"excerpt":{"rendered":"<p>ma\u00dfgefertigtes Haubencase f\u00fcr A&#038;H ZED-10FX aus 7mm Birkenmultiplex schwarz beschichtet RAL 9004 25 x 25mm Alukante Schaumstoffpolsterung 2 gefederte Butterfly-Verschl\u00fc\u00dfe<\/p>\n","protected":false},"featured_media":24129,"template":"","meta":{"_acf_changed":false},"product_brand":[],"product_cat":[13495],"product_tag":[15394],"class_list":{"0":"post-53475","1":"product","2":"type-product","3":"status-publish","4":"has-post-thumbnail","6":"product_cat-mischpult-cases","7":"product_tag-allen-heath-2","9":"first","10":"instock","11":"taxable","12":"shipping-taxable","13":"purchasable","14":"product-type-simple"},"acf":[],"_links":{"self":[{"href":"https:\/\/megacase.com\/de\/wp-json\/wp\/v2\/product\/53475","targetHints":{"allow":["GET"]}}],"collection":[{"href":"https:\/\/megacase.com\/de\/wp-json\/wp\/v2\/product"}],"about":[{"href":"https:\/\/megacase.com\/de\/wp-json\/wp\/v2\/types\/product"}],"wp:featuredmedia":[{"embeddable":true,"href":"https:\/\/megacase.com\/de\/wp-json\/wp\/v2\/media\/24129"}],"wp:attachment":[{"href":"https:\/\/megacase.com\/de\/wp-json\/wp\/v2\/media?parent=53475"}],"wp:term":[{"taxonomy":"product_brand","embeddable":true,"href":"https:\/\/megacase.com\/de\/wp-json\/wp\/v2\/product_brand?post=53475"},{"taxonomy":"product_cat","embeddable":true,"href":"https:\/\/megacase.com\/de\/wp-json\/wp\/v2\/product_cat?post=53475"},{"taxonomy":"product_tag","embeddable":true,"href":"https:\/\/megacase.com\/de\/wp-json\/wp\/v2\/product_tag?post=53475"}],"curies":[{"name":"wp","href":"https:\/\/api.w.org\/{rel}","templated":true}]}}