{"id":53473,"date":"2016-04-04T00:00:00","date_gmt":"2016-04-03T22:00:00","guid":{"rendered":"https:\/\/mcx.sunlab.eu\/product\/truhe-live-fuer-beamer-815-x-350-x-650-mm-bxhxt-auf-rollen\/"},"modified":"2026-03-25T15:07:04","modified_gmt":"2026-03-25T14:07:04","slug":"truhe-live-fuer-beamer-815-x-350-x-650-mm-bxhxt-auf-rollen","status":"publish","type":"product","link":"https:\/\/megacase.com\/de\/produkt\/truhe-live-fuer-beamer-815-x-350-x-650-mm-bxhxt-auf-rollen\/","title":{"rendered":"Truhe Live f\u00fcr Beamer 815 x 350 x 650 mm BxHxT auf Rollen"},"content":{"rendered":"<p>Zubeh\u00f6rf\u00e4cher f\u00fcr HDMI Kabel und   einen HD Player mit Ma\u00dfen 164 x 125 x 32 mm  und ein Fach f\u00fcr ein Objektiv mit Ma\u00dfen 200 x 120 x 120 mm  und F\u00e4cher f\u00fcr 4 Ersatzlampen mit Ma\u00dfen 177 x 160 x 155 mm<br \/>\n7mm Birkenmultiplex schwarz beschichtet<br \/>\n30\/30 Alukante<br \/>\n3x Butterfly-Verschluss mittel mit \u00d6se<br \/>\n4x Feststellscharnier mittel<br \/>\n4x Klappgriff mittel<br \/>\n8x Kugelecke<br \/>\n20mm Schaumstoffpolsterung<br \/>\n4x Lenkrolle (2xgebremst)<br \/>\nInnenausbau<br \/>\nHergestellt in Deutschland<br \/>\nAu\u00dfenma\u00dfe: BxTxH 1200x800x595 mm<br \/>\nGewicht: 41,1 kg<\/p>\n","protected":false},"excerpt":{"rendered":"<p>Zubeh\u00f6rf\u00e4cher f\u00fcr HDMI Kabel und einen HD Player mit Ma\u00dfen 164 x 125 x 32 mm und ein Fach f\u00fcr<\/p>\n","protected":false},"featured_media":86517,"template":"","meta":{"_acf_changed":false},"product_brand":[],"product_cat":[13492,13494,13553],"product_tag":[13930],"class_list":{"0":"post-53473","1":"product","2":"type-product","3":"status-publish","4":"has-post-thumbnail","6":"product_cat-anwendungsgebiete","7":"product_cat-custom-cases","8":"product_cat-beamercases-und-zubehoer-koffer","9":"product_tag-beamer","11":"first","12":"instock","13":"taxable","14":"shipping-taxable","15":"purchasable","16":"product-type-simple"},"acf":[],"_links":{"self":[{"href":"https:\/\/megacase.com\/de\/wp-json\/wp\/v2\/product\/53473","targetHints":{"allow":["GET"]}}],"collection":[{"href":"https:\/\/megacase.com\/de\/wp-json\/wp\/v2\/product"}],"about":[{"href":"https:\/\/megacase.com\/de\/wp-json\/wp\/v2\/types\/product"}],"wp:featuredmedia":[{"embeddable":true,"href":"https:\/\/megacase.com\/de\/wp-json\/wp\/v2\/media\/86517"}],"wp:attachment":[{"href":"https:\/\/megacase.com\/de\/wp-json\/wp\/v2\/media?parent=53473"}],"wp:term":[{"taxonomy":"product_brand","embeddable":true,"href":"https:\/\/megacase.com\/de\/wp-json\/wp\/v2\/product_brand?post=53473"},{"taxonomy":"product_cat","embeddable":true,"href":"https:\/\/megacase.com\/de\/wp-json\/wp\/v2\/product_cat?post=53473"},{"taxonomy":"product_tag","embeddable":true,"href":"https:\/\/megacase.com\/de\/wp-json\/wp\/v2\/product_tag?post=53473"}],"curies":[{"name":"wp","href":"https:\/\/api.w.org\/{rel}","templated":true}]}}