{"id":53452,"date":"2016-03-17T00:00:00","date_gmt":"2016-03-16T23:00:00","guid":{"rendered":"https:\/\/mcx.sunlab.eu\/product\/haubencase-fuer-akai-mpc60-mkii\/"},"modified":"2026-03-25T15:07:09","modified_gmt":"2026-03-25T14:07:09","slug":"haubencase-fuer-akai-mpc60-mkii","status":"publish","type":"product","link":"https:\/\/megacase.com\/de\/produkt\/haubencase-fuer-akai-mpc60-mkii\/","title":{"rendered":"Haubencase f\u00fcr AKAI MPC60 MKII"},"content":{"rendered":"<p>7mm Birkenmultiplex phenolharzbeschichtet<br \/>\n30\/30 Alukante<br \/>\n2x Butterfly-Verschluss mittel<br \/>\n1x Klappgriff mittel<br \/>\n8x Kugelecke<br \/>\n4x Gummifu\u00df<br \/>\nSchaumstoffpolsterung<br \/>\nHergestellt in Deutschland<br \/>\nAu\u00dfenma\u00dfe: BxTxH 590x525x240 mm<br \/>\nGewicht: 7,7 kg<\/p>\n","protected":false},"excerpt":{"rendered":"<p>7mm Birkenmultiplex phenolharzbeschichtet 30\/30 Alukante 2x Butterfly-Verschluss mittel 1x Klappgriff mittel 8x Kugelecke 4x Gummifu\u00df Schaumstoffpolsterung Hergestellt in Deutschland Au\u00dfenma\u00dfe:<\/p>\n","protected":false},"featured_media":86129,"template":"","meta":{"_acf_changed":false},"product_brand":[],"product_cat":[13508],"product_tag":[],"class_list":{"0":"post-53452","1":"product","2":"type-product","3":"status-publish","4":"has-post-thumbnail","6":"product_cat-universal-flightcases","8":"first","9":"instock","10":"taxable","11":"shipping-taxable","12":"purchasable","13":"product-type-simple"},"acf":[],"_links":{"self":[{"href":"https:\/\/megacase.com\/de\/wp-json\/wp\/v2\/product\/53452","targetHints":{"allow":["GET"]}}],"collection":[{"href":"https:\/\/megacase.com\/de\/wp-json\/wp\/v2\/product"}],"about":[{"href":"https:\/\/megacase.com\/de\/wp-json\/wp\/v2\/types\/product"}],"wp:featuredmedia":[{"embeddable":true,"href":"https:\/\/megacase.com\/de\/wp-json\/wp\/v2\/media\/86129"}],"wp:attachment":[{"href":"https:\/\/megacase.com\/de\/wp-json\/wp\/v2\/media?parent=53452"}],"wp:term":[{"taxonomy":"product_brand","embeddable":true,"href":"https:\/\/megacase.com\/de\/wp-json\/wp\/v2\/product_brand?post=53452"},{"taxonomy":"product_cat","embeddable":true,"href":"https:\/\/megacase.com\/de\/wp-json\/wp\/v2\/product_cat?post=53452"},{"taxonomy":"product_tag","embeddable":true,"href":"https:\/\/megacase.com\/de\/wp-json\/wp\/v2\/product_tag?post=53452"}],"curies":[{"name":"wp","href":"https:\/\/api.w.org\/{rel}","templated":true}]}}