{"id":53451,"date":"2016-03-15T00:00:00","date_gmt":"2016-03-14T23:00:00","guid":{"rendered":"https:\/\/mcx.sunlab.eu\/product\/truhe-live-1400-x-300-x-300-mm-bxtxh\/"},"modified":"2026-03-25T15:07:09","modified_gmt":"2026-03-25T14:07:09","slug":"truhe-live-1400-x-300-x-300-mm-bxtxh","status":"publish","type":"product","link":"https:\/\/megacase.com\/de\/produkt\/truhe-live-1400-x-300-x-300-mm-bxtxh\/","title":{"rendered":"Mega Flightcase 140x30x30"},"content":{"rendered":"<p>Stabiles Truhencase f\u00fcr Ihr Zubeh\u00f6r wie Kabel, Zeltgest\u00e4nge, Plane, etc. durch die zwei Klappgriffe ist das Case gut zu tragen<\/p>\n<p>6,5 mm Birkenmultiplex<br \/>\nFarbe Phenolharz beschichtet braun<br \/>\n30x30mm Alukante,<br \/>\n2 gefederte Butterfly Verschl\u00fcsse<br \/>\n2 Klappgriffe<br \/>\n4 Stahlkugelecken<br \/>\n4 Stahlkugelecken stapelbar unten<br \/>\nFeststellscharniere.optional 1cm Schaumstoffpolsterung<br \/>\noptionaes Trennwandset unter Artikelnummer 251847 erh\u00e4ltlich<\/p>\n<p>Au\u00dfenma\u00df 144x34x34cm<br \/>\nGewicht 13,8kg<\/p>\n","protected":false},"excerpt":{"rendered":"<p>Stabiles Truhencase f\u00fcr Ihr Zubeh\u00f6r wie Kabel, Zeltgest\u00e4nge, Plane, etc. durch die zwei Klappgriffe ist das Case gut zu tragen<\/p>\n","protected":false},"featured_media":86097,"template":"","meta":{"_acf_changed":false},"product_brand":[],"product_cat":[13509],"product_tag":[],"class_list":{"0":"post-53451","1":"product","2":"type-product","3":"status-publish","4":"has-post-thumbnail","6":"product_cat-truhen-cases","8":"first","9":"instock","10":"taxable","11":"shipping-taxable","12":"purchasable","13":"product-type-simple"},"acf":[],"_links":{"self":[{"href":"https:\/\/megacase.com\/de\/wp-json\/wp\/v2\/product\/53451","targetHints":{"allow":["GET"]}}],"collection":[{"href":"https:\/\/megacase.com\/de\/wp-json\/wp\/v2\/product"}],"about":[{"href":"https:\/\/megacase.com\/de\/wp-json\/wp\/v2\/types\/product"}],"wp:featuredmedia":[{"embeddable":true,"href":"https:\/\/megacase.com\/de\/wp-json\/wp\/v2\/media\/86097"}],"wp:attachment":[{"href":"https:\/\/megacase.com\/de\/wp-json\/wp\/v2\/media?parent=53451"}],"wp:term":[{"taxonomy":"product_brand","embeddable":true,"href":"https:\/\/megacase.com\/de\/wp-json\/wp\/v2\/product_brand?post=53451"},{"taxonomy":"product_cat","embeddable":true,"href":"https:\/\/megacase.com\/de\/wp-json\/wp\/v2\/product_cat?post=53451"},{"taxonomy":"product_tag","embeddable":true,"href":"https:\/\/megacase.com\/de\/wp-json\/wp\/v2\/product_tag?post=53451"}],"curies":[{"name":"wp","href":"https:\/\/api.w.org\/{rel}","templated":true}]}}