{"id":53446,"date":"2016-03-04T00:00:00","date_gmt":"2016-03-03T23:00:00","guid":{"rendered":"https:\/\/mcx.sunlab.eu\/product\/profi-garderoben-case-930-x-600-x-850-mm-bxtxh\/"},"modified":"2026-03-25T15:07:11","modified_gmt":"2026-03-25T14:07:11","slug":"profi-garderoben-case-930-x-600-x-850-mm-bxtxh","status":"publish","type":"product","link":"https:\/\/megacase.com\/de\/produkt\/profi-garderoben-case-930-x-600-x-850-mm-bxtxh\/","title":{"rendered":"Profi Garderoben-Case 930 x 600 x 850 mm BxTxH"},"content":{"rendered":"<p>Profi Single-Door Case auf Rollen (2x gebremst) mit einer Kleiderstange und den Innenma\u00dfen von 930 x 600 x 850 mm BxTxH; 9mm Birkenmultiplex, 30 x 30mm Alukante, 4 gefederte Butterfly-Verschl\u00fc\u00dfe, Rutschleisten 4 Klappgriffe, Stahlkugelecken, hergestellt in Deutschland, Au\u00dfenma\u00dfe: BxTxH 980x650x1045 mm Gewicht: 42,6 kg<\/p>\n","protected":false},"excerpt":{"rendered":"<p>Profi Single-Door Case auf Rollen (2x gebremst) mit einer Kleiderstange und den Innenma\u00dfen von 930 x 600 x 850 mm<\/p>\n","protected":false},"featured_media":86005,"template":"","meta":{"_acf_changed":false},"product_brand":[],"product_cat":[13494],"product_tag":[],"class_list":{"0":"post-53446","1":"product","2":"type-product","3":"status-publish","4":"has-post-thumbnail","6":"product_cat-custom-cases","8":"first","9":"instock","10":"taxable","11":"shipping-taxable","12":"purchasable","13":"product-type-simple"},"acf":[],"_links":{"self":[{"href":"https:\/\/megacase.com\/de\/wp-json\/wp\/v2\/product\/53446","targetHints":{"allow":["GET"]}}],"collection":[{"href":"https:\/\/megacase.com\/de\/wp-json\/wp\/v2\/product"}],"about":[{"href":"https:\/\/megacase.com\/de\/wp-json\/wp\/v2\/types\/product"}],"wp:featuredmedia":[{"embeddable":true,"href":"https:\/\/megacase.com\/de\/wp-json\/wp\/v2\/media\/86005"}],"wp:attachment":[{"href":"https:\/\/megacase.com\/de\/wp-json\/wp\/v2\/media?parent=53446"}],"wp:term":[{"taxonomy":"product_brand","embeddable":true,"href":"https:\/\/megacase.com\/de\/wp-json\/wp\/v2\/product_brand?post=53446"},{"taxonomy":"product_cat","embeddable":true,"href":"https:\/\/megacase.com\/de\/wp-json\/wp\/v2\/product_cat?post=53446"},{"taxonomy":"product_tag","embeddable":true,"href":"https:\/\/megacase.com\/de\/wp-json\/wp\/v2\/product_tag?post=53446"}],"curies":[{"name":"wp","href":"https:\/\/api.w.org\/{rel}","templated":true}]}}