{"id":53444,"date":"2016-03-03T00:00:00","date_gmt":"2016-03-02T23:00:00","guid":{"rendered":"https:\/\/mcx.sunlab.eu\/product\/profi-single-door-case-in-navyblau-mit-3-schubladen-rollen\/"},"modified":"2026-03-25T15:07:11","modified_gmt":"2026-03-25T14:07:11","slug":"profi-single-door-case-in-navyblau-mit-3-schubladen-rollen","status":"publish","type":"product","link":"https:\/\/megacase.com\/de\/produkt\/profi-single-door-case-in-navyblau-mit-3-schubladen-rollen\/","title":{"rendered":"Profi Single Door Case in Navyblau mit 3 Schubladen Rollen"},"content":{"rendered":"<p>mit Ma\u00dfen B 70cm x T 70cm Au\u00dfenma\u00df \u00fcber alles  Au\u00dfenh\u00f6he inkl. Rollen 70cm \u00fcber alles mit 3 gleich hohen Schubladen  auf 4x 100mm Rollen (2x gebremst)<br \/>\nDeckel als T\u00fcre aufklappbar mit Klappgriff mittig in H\u00f6he und Breite  Deckel nach links \u00f6ffnend<br \/>\n9mm Birkenmultiplex Navyblau Ral 5013<br \/>\n2x Butterfly-Verschluss mit \u00d6se f\u00fcr Vorh\u00e4ngeschl\u00f6sser<br \/>\nScharnierband<br \/>\n5x Klappgriff<br \/>\nSchaumstoffpolsterung im Deckel<br \/>\nStahlkugelecken<br \/>\nHergestellt in Deutschland<\/p>\n","protected":false},"excerpt":{"rendered":"<p>mit Ma\u00dfen B 70cm x T 70cm Au\u00dfenma\u00df \u00fcber alles Au\u00dfenh\u00f6he inkl. Rollen 70cm \u00fcber alles mit 3 gleich hohen<\/p>\n","protected":false},"featured_media":24207,"template":"","meta":{"_acf_changed":false},"product_brand":[],"product_cat":[13494],"product_tag":[14577],"class_list":{"0":"post-53444","1":"product","2":"type-product","3":"status-publish","4":"has-post-thumbnail","6":"product_cat-custom-cases","7":"product_tag-schubladen","9":"first","10":"instock","11":"taxable","12":"shipping-taxable","13":"purchasable","14":"product-type-simple"},"acf":[],"_links":{"self":[{"href":"https:\/\/megacase.com\/de\/wp-json\/wp\/v2\/product\/53444","targetHints":{"allow":["GET"]}}],"collection":[{"href":"https:\/\/megacase.com\/de\/wp-json\/wp\/v2\/product"}],"about":[{"href":"https:\/\/megacase.com\/de\/wp-json\/wp\/v2\/types\/product"}],"wp:featuredmedia":[{"embeddable":true,"href":"https:\/\/megacase.com\/de\/wp-json\/wp\/v2\/media\/24207"}],"wp:attachment":[{"href":"https:\/\/megacase.com\/de\/wp-json\/wp\/v2\/media?parent=53444"}],"wp:term":[{"taxonomy":"product_brand","embeddable":true,"href":"https:\/\/megacase.com\/de\/wp-json\/wp\/v2\/product_brand?post=53444"},{"taxonomy":"product_cat","embeddable":true,"href":"https:\/\/megacase.com\/de\/wp-json\/wp\/v2\/product_cat?post=53444"},{"taxonomy":"product_tag","embeddable":true,"href":"https:\/\/megacase.com\/de\/wp-json\/wp\/v2\/product_tag?post=53444"}],"curies":[{"name":"wp","href":"https:\/\/api.w.org\/{rel}","templated":true}]}}