{"id":53443,"date":"2016-03-02T00:00:00","date_gmt":"2016-03-01T23:00:00","guid":{"rendered":"https:\/\/mcx.sunlab.eu\/product\/single-door-450-x-450-x-1000-mm-bxtxh\/"},"modified":"2026-03-25T15:07:12","modified_gmt":"2026-03-25T14:07:12","slug":"single-door-450-x-450-x-1000-mm-bxtxh","status":"publish","type":"product","link":"https:\/\/megacase.com\/de\/produkt\/single-door-450-x-450-x-1000-mm-bxtxh\/","title":{"rendered":"Single Door 450 x 450 x 1000 mm BxTxH"},"content":{"rendered":"<p>7mm Birkenmultiplex phenolharzbeschichtet<br \/>\n30\/30 Alukante<br \/>\n2x Butterfly-Verschluss mittel mit \u00d6se<br \/>\nScharnierband f\u00fcr T\u00fcranschlag links<br \/>\n3x Klappgriff mittel<br \/>\n4x Kugelecke<br \/>\n4x Kugelecke mit L-Ecke<br \/>\n4x 80mm Lenkrolle (2xgebremst)<br \/>\n10mm Schaumstoffpolsterung<br \/>\nHergestellt in Deutschland<br \/>\nAu\u00dfenma\u00dfe: BxTxH 515x520x1210 mm<br \/>\nGewicht: 24,5 kg<\/p>\n","protected":false},"excerpt":{"rendered":"<p>7mm Birkenmultiplex phenolharzbeschichtet 30\/30 Alukante 2x Butterfly-Verschluss mittel mit \u00d6se Scharnierband f\u00fcr T\u00fcranschlag links 3x Klappgriff mittel 4x Kugelecke 4x<\/p>\n","protected":false},"featured_media":85981,"template":"","meta":{"_acf_changed":false},"product_brand":[],"product_cat":[13508],"product_tag":[],"class_list":{"0":"post-53443","1":"product","2":"type-product","3":"status-publish","4":"has-post-thumbnail","6":"product_cat-universal-flightcases","8":"first","9":"instock","10":"taxable","11":"shipping-taxable","12":"purchasable","13":"product-type-simple"},"acf":[],"_links":{"self":[{"href":"https:\/\/megacase.com\/de\/wp-json\/wp\/v2\/product\/53443","targetHints":{"allow":["GET"]}}],"collection":[{"href":"https:\/\/megacase.com\/de\/wp-json\/wp\/v2\/product"}],"about":[{"href":"https:\/\/megacase.com\/de\/wp-json\/wp\/v2\/types\/product"}],"wp:featuredmedia":[{"embeddable":true,"href":"https:\/\/megacase.com\/de\/wp-json\/wp\/v2\/media\/85981"}],"wp:attachment":[{"href":"https:\/\/megacase.com\/de\/wp-json\/wp\/v2\/media?parent=53443"}],"wp:term":[{"taxonomy":"product_brand","embeddable":true,"href":"https:\/\/megacase.com\/de\/wp-json\/wp\/v2\/product_brand?post=53443"},{"taxonomy":"product_cat","embeddable":true,"href":"https:\/\/megacase.com\/de\/wp-json\/wp\/v2\/product_cat?post=53443"},{"taxonomy":"product_tag","embeddable":true,"href":"https:\/\/megacase.com\/de\/wp-json\/wp\/v2\/product_tag?post=53443"}],"curies":[{"name":"wp","href":"https:\/\/api.w.org\/{rel}","templated":true}]}}