{"id":53423,"date":"2016-02-19T00:00:00","date_gmt":"2016-02-18T23:00:00","guid":{"rendered":"https:\/\/mcx.sunlab.eu\/product\/stacking-rollbrett-mit-aufnahme-fuer-overlatch\/"},"modified":"2026-03-25T15:07:16","modified_gmt":"2026-03-25T14:07:16","slug":"stacking-rollbrett-mit-aufnahme-fuer-overlatch","status":"publish","type":"product","link":"https:\/\/megacase.com\/de\/produkt\/stacking-rollbrett-mit-aufnahme-fuer-overlatch\/","title":{"rendered":"Stacking Rollbrett mit Aufnahme f\u00fcr Overlatch"},"content":{"rendered":"<p>gefr\u00e4\u00dftes Rollbrett mit Aufnahme f\u00fcr Overlatchverschluss  Mulden f\u00fcr Rutschleisten<br \/>\npassend f\u00fcr 16HE Profi<br \/>\nShockmount RackNutztiefe 60cm (LT-4262)<br \/>\n18mm Birkenmultiplex lackiert<br \/>\n4x 100mm blue wheels 2 davon gebremst<\/p>\n","protected":false},"excerpt":{"rendered":"<p>gefr\u00e4\u00dftes Rollbrett mit Aufnahme f\u00fcr Overlatchverschluss Mulden f\u00fcr Rutschleisten passend f\u00fcr 16HE Profi Shockmount RackNutztiefe 60cm (LT-4262) 18mm Birkenmultiplex lackiert<\/p>\n","protected":false},"featured_media":35799,"template":"","meta":{"_acf_changed":false},"product_brand":[],"product_cat":[13513],"product_tag":[],"class_list":{"0":"post-53423","1":"product","2":"type-product","3":"status-publish","4":"has-post-thumbnail","6":"product_cat-zubehoer-rack","8":"first","9":"instock","10":"taxable","11":"shipping-taxable","12":"purchasable","13":"product-type-simple"},"acf":[],"_links":{"self":[{"href":"https:\/\/megacase.com\/de\/wp-json\/wp\/v2\/product\/53423","targetHints":{"allow":["GET"]}}],"collection":[{"href":"https:\/\/megacase.com\/de\/wp-json\/wp\/v2\/product"}],"about":[{"href":"https:\/\/megacase.com\/de\/wp-json\/wp\/v2\/types\/product"}],"wp:featuredmedia":[{"embeddable":true,"href":"https:\/\/megacase.com\/de\/wp-json\/wp\/v2\/media\/35799"}],"wp:attachment":[{"href":"https:\/\/megacase.com\/de\/wp-json\/wp\/v2\/media?parent=53423"}],"wp:term":[{"taxonomy":"product_brand","embeddable":true,"href":"https:\/\/megacase.com\/de\/wp-json\/wp\/v2\/product_brand?post=53423"},{"taxonomy":"product_cat","embeddable":true,"href":"https:\/\/megacase.com\/de\/wp-json\/wp\/v2\/product_cat?post=53423"},{"taxonomy":"product_tag","embeddable":true,"href":"https:\/\/megacase.com\/de\/wp-json\/wp\/v2\/product_tag?post=53423"}],"curies":[{"name":"wp","href":"https:\/\/api.w.org\/{rel}","templated":true}]}}