{"id":53417,"date":"2016-02-17T00:00:00","date_gmt":"2016-02-16T23:00:00","guid":{"rendered":"https:\/\/mcx.sunlab.eu\/product\/truhencase-1167-x-483-x-505-mm\/"},"modified":"2026-03-25T15:07:17","modified_gmt":"2026-03-25T14:07:17","slug":"truhencase-1167-x-483-x-505-mm","status":"publish","type":"product","link":"https:\/\/megacase.com\/de\/produkt\/truhencase-1167-x-483-x-505-mm\/","title":{"rendered":"Truhencase 1167 x 483 x 505 mm"},"content":{"rendered":"<p>Zubeh\u00f6rcase mit den Au\u00dfenma\u00dfen von Flachecke zu Flachecke 1200 x 520 x 530 mm BxTxH;<br \/>\n7mm Birkenmultiplex,<br \/>\n30 x 30mm Alukante,<br \/>\n2 gefederte Butterfly-Verschl\u00fc\u00dfe mittel,<br \/>\n6 Klappgriffe mittel,<br \/>\n8 Flachecken,<br \/>\nhergestellt in Deutschland<\/p>\n","protected":false},"excerpt":{"rendered":"<p>Zubeh\u00f6rcase mit den Au\u00dfenma\u00dfen von Flachecke zu Flachecke 1200 x 520 x 530 mm BxTxH; 7mm Birkenmultiplex, 30 x 30mm<\/p>\n","protected":false},"featured_media":24270,"template":"","meta":{"_acf_changed":false},"product_brand":[],"product_cat":[13509],"product_tag":[],"class_list":{"0":"post-53417","1":"product","2":"type-product","3":"status-publish","4":"has-post-thumbnail","6":"product_cat-truhen-cases","8":"first","9":"instock","10":"taxable","11":"shipping-taxable","12":"purchasable","13":"product-type-simple"},"acf":[],"_links":{"self":[{"href":"https:\/\/megacase.com\/de\/wp-json\/wp\/v2\/product\/53417","targetHints":{"allow":["GET"]}}],"collection":[{"href":"https:\/\/megacase.com\/de\/wp-json\/wp\/v2\/product"}],"about":[{"href":"https:\/\/megacase.com\/de\/wp-json\/wp\/v2\/types\/product"}],"wp:featuredmedia":[{"embeddable":true,"href":"https:\/\/megacase.com\/de\/wp-json\/wp\/v2\/media\/24270"}],"wp:attachment":[{"href":"https:\/\/megacase.com\/de\/wp-json\/wp\/v2\/media?parent=53417"}],"wp:term":[{"taxonomy":"product_brand","embeddable":true,"href":"https:\/\/megacase.com\/de\/wp-json\/wp\/v2\/product_brand?post=53417"},{"taxonomy":"product_cat","embeddable":true,"href":"https:\/\/megacase.com\/de\/wp-json\/wp\/v2\/product_cat?post=53417"},{"taxonomy":"product_tag","embeddable":true,"href":"https:\/\/megacase.com\/de\/wp-json\/wp\/v2\/product_tag?post=53417"}],"curies":[{"name":"wp","href":"https:\/\/api.w.org\/{rel}","templated":true}]}}